{"id":1810,"date":"2023-09-12T22:20:16","date_gmt":"2023-09-12T22:20:16","guid":{"rendered":"https:\/\/sunshineloans.com\/?page_id=1810"},"modified":"2026-04-01T22:30:13","modified_gmt":"2026-04-01T22:30:13","slug":"rates-terms-kansas","status":"publish","type":"page","link":"https:\/\/sunshineloans.com\/es\/rates-terms-kansas\/","title":{"rendered":"Rates &#038; Terms &#8211; Kansas"},"content":{"rendered":"<div id=\"Inner-page-head\"     class=\"vc_row wpb_row section vc_row-fluid\" style=' text-align:left;'><div class=\"full_section_inner clearfix\"><div class=\"wpb_column vc_column_container vc_col-sm-12\"><div class=\"vc_column-inner\"><div class=\"wpb_wrapper\">\n\t<div class=\"wpb_text_column wpb_content_element\">\n\t\t<div class=\"wpb_wrapper\">\n\t\t\t<h2 style=\"text-align: center;\">Kansas Rates &amp; Terms<\/h2>\n\n\t\t<\/div> \n\t<\/div> \t<div class=\"vc_empty_space\"  style=\"height: 50px\" ><span\n\t\t\tclass=\"vc_empty_space_inner\">\n\t\t\t<span class=\"empty_space_image\"  ><\/span>\n\t\t<\/span><\/div>\n\n<\/div><\/div><\/div><\/div><\/div><div      class=\"vc_row wpb_row section vc_row-fluid  grid_section\" style=' text-align:left;'><div class=\"section_inner clearfix\"><div class='section_inner_margin clearfix'><div class=\"wpb_column vc_column_container vc_col-sm-12\"><div class=\"vc_column-inner\"><div class=\"wpb_wrapper\">\n\t<div class=\"wpb_text_column wpb_content_element\">\n\t\t<div class=\"wpb_wrapper\">\n\t\t\t<h2 style=\"text-align: center; color: #322b69;\">Online Payday Loans<\/h2>\n\n\t\t<\/div> \n\t<\/div> \n\t<div class=\"wpb_text_column wpb_content_element  vc_custom_1733258919253\">\n\t\t<div class=\"wpb_wrapper\">\n\t\t\t<p style=\"text-align: center;\"><em><span style=\"color: #ff0000;\">Kansas Sunshine Loans loan agreements are governed by the State of Kansas.<\/span><\/em><\/p>\n\n\t\t<\/div> \n\t<\/div> <div      class=\"vc_row wpb_row section vc_row-fluid vc_inner\" style=' text-align:left;'><div class=\"full_section_inner clearfix\"><div class=\"wpb_column vc_column_container vc_col-sm-12\"><div class=\"vc_column-inner\"><div class=\"wpb_wrapper\">\n\t<div class=\"wpb_text_column wpb_content_element\">\n\t\t<div class=\"wpb_wrapper\">\n\t\t\t<table style=\"margin-left: 40px; width: 90%;\">\n<tbody>\n<tr>\n<th style=\"background-color: #322b69 !important; color: #ffffff;\">Advance Amount:<\/th>\n<td style=\"color: #000000;\">\n<div class=\"select\"><select id=\"AF\" style=\"margin: 0px; padding: 0px;\" name=\"dollarsKS\" onchange=\"changeKansasDropdown(this.value)\"><option value=\"100\">$100<\/option><option value=\"200\">$200<\/option><option value=\"300\">$300<\/option><option value=\"400\">$400<\/option><option value=\"500\">$500<\/option><\/select><\/div>\n<\/td>\n<\/tr>\n<tr>\n<th style=\"background-color: #322b69 !important; color: #ffffff;\">Fee Amount:<\/th>\n<td id=\"FC\" style=\"color: #000000;\">$15.00<\/td>\n<\/tr>\n<tr>\n<th style=\"background-color: #322b69 !important; color: #ffffff;\">Total of Payments:<\/th>\n<td id=\"TP\" style=\"color: #000000;\">$115.00<\/td>\n<\/tr>\n<tr>\n<th style=\"background-color: #322b69 !important; color: #ffffff;\">APR**:<\/th>\n<td style=\"color: #000000;\">391.0714% for a 14 day loan.<br \/>\n182.5% for a 30 day loan.<\/td>\n<\/tr>\n<\/tbody>\n<\/table>\n<h6 id=\"APRM\">**Annual Percentage Rate: The APR is the total cost of your loan expressed as a yearly rate. The APR will increase if the actual loan term is shorter than these examples, and will decrease if your loan term is longer.<\/h6>\n<p><script>\nfunction changeKansasDropdown(val) {\n  switch(val) {\n    case \"100\":\n      document.getElementById(\"FC\").innerHTML = \"$15\";\n      document.getElementById(\"TP\").innerHTML = \"$115\";\n      break;\n    case \"200\":\n      document.getElementById(\"FC\").innerHTML = \"$30\";\n      document.getElementById(\"TP\").innerHTML = \"$230\";\n      break;\n    case \"300\":\n      document.getElementById(\"FC\").innerHTML = \"$45\";\n      document.getElementById(\"TP\").innerHTML = \"$345\";\n      break;\n    case \"400\":\n      document.getElementById(\"FC\").innerHTML = \"$60\";\n      document.getElementById(\"TP\").innerHTML = \"$460\";\n      break;\n    case \"500\":\n      document.getElementById(\"FC\").innerHTML = \"$75\";\n      document.getElementById(\"TP\").innerHTML = \"$575\";\n      break;\n    default:\n    \/\/ code block\n  }\n}\n<\/script><\/p>\n\n\t\t<\/div> \n\t<\/div> \t<div class=\"vc_empty_space\"  style=\"height: 32px\" ><span\n\t\t\tclass=\"vc_empty_space_inner\">\n\t\t\t<span class=\"empty_space_image\"  ><\/span>\n\t\t<\/span><\/div>\n\n\n\t<div class=\"wpb_text_column wpb_content_element  online-installment\">\n\t\t<div class=\"wpb_wrapper\">\n\t\t\t<h2 class=\"mb-3\">Kansas License<\/h2>\n<p>&nbsp;<\/p>\n<p class=\"h4 mb-1\"><a href=\"https:\/\/sunshineloans.com\/wp-content\/uploads\/2026\/04\/Kansas-Supervised-Loan-License.pdf\"><span style=\"color: #322b69;\">State of Kansas Supervised Loan License<\/span><\/a><\/p>\n<p><a href=\"https:\/\/sunshineloans.com\/wp-content\/uploads\/2025\/01\/Kansas-Payday-Loan-Website-Notice-EPP-eff-1-1-2025.pdf\"><span style=\"color: #322b69;\">Extended Payment Plan Notice<\/span><\/a><\/p>\n\n\t\t<\/div> \n\t<\/div> \t<div class=\"vc_empty_space\"  style=\"height: 32px\" ><span\n\t\t\tclass=\"vc_empty_space_inner\">\n\t\t\t<span class=\"empty_space_image\"  ><\/span>\n\t\t<\/span><\/div>\n\n\n\t<div class=\"wpb_text_column wpb_content_element  online-installment\">\n\t\t<div class=\"wpb_wrapper\">\n\t\t\t<h2 class=\"mb-3\"><span style=\"color: #322b69;\">Preguntas sobre pr\u00e9stamos de d\u00eda de pago en l\u00ednea:<\/span><\/h2>\n<h4 class=\"h4 mb-1\"><span style=\"color: #322b69;\"><strong>\u00bfCu\u00e1nto dinero puedo obtener?<\/strong><\/span><\/h4>\n<p class=\"mb-4\" style=\"padding-left: 40px;\">Residents of Kansas may be eligible to receive up to <strong>$500<\/strong> con un pr\u00e9stamo de d\u00eda de pago en l\u00ednea de Sunshine Loans.<\/p>\n<h4 class=\"h4 mb-1\"><span style=\"color: #322b69;\"><strong>\u00bfCu\u00e1ndo tendr\u00e9 que devolver mi pr\u00e9stamo?<\/strong><\/span><\/h4>\n<p class=\"mb-4\" style=\"padding-left: 40px;\">A payday loan is only meant to satisfy your short-term cash needs and will be due to be paid back on your next pay day. In accordance with Kansas law, Deferred Presentment transactions cannot be made for a term that exceeds 30 days.<\/p>\n<h4 class=\"h4 mb-1\"><span style=\"color: #322b69;\"><strong>\u00bfPuedo obtener una extensi\u00f3n de mi pr\u00e9stamo?<\/strong><\/span><\/h4>\n<p class=\"mb-0\" style=\"padding-left: 40px;\">Your loan must be paid in full on your due date. If you cannot make your payment, please contact us before the due date to discuss your options. If you find yourself in need of more money, you may be eligible to re-apply once your previous balance is paid in full.<\/p>\n\n\t\t<\/div> \n\t<\/div> <\/div><\/div><\/div><\/div><\/div><\/div><\/div><\/div><\/div><\/div><\/div>","protected":false},"excerpt":{"rendered":"Kansas Rates &amp; Terms Online Payday Loans Kansas Sunshine Loans loan agreements are governed by the State of Kansas. Advance Amount: $100$200$300$400$500 Fee Amount: $15.00 Total of Payments: $115.00 APR**: 391.0714% for a 14 day loan. 182.5% for a 30 day loan. **Annual Percentage Rate:...","protected":false},"author":2,"featured_media":0,"parent":0,"menu_order":0,"comment_status":"closed","ping_status":"closed","template":"","meta":{"footnotes":""},"class_list":["post-1810","page","type-page","status-publish","hentry"],"yoast_head":"<!-- This site is optimized with the Yoast SEO plugin v16.7 - https:\/\/yoast.com\/wordpress\/plugins\/seo\/ -->\n<meta name=\"robots\" content=\"index, follow, max-snippet:-1, max-image-preview:large, max-video-preview:-1\" \/>\n<link rel=\"canonical\" href=\"https:\/\/sunshineloans.com\/es\/rates-terms-kansas\/\" \/>\n<meta property=\"og:locale\" content=\"es_MX\" \/>\n<meta property=\"og:type\" content=\"article\" \/>\n<meta property=\"og:title\" content=\"Sunshine Loans - Rates &amp; Terms - Kansas\" \/>\n<meta property=\"og:url\" content=\"https:\/\/sunshineloans.com\/es\/rates-terms-kansas\/\" \/>\n<meta property=\"og:site_name\" content=\"sunshine\" \/>\n<meta property=\"article:modified_time\" content=\"2026-04-01T22:30:13+00:00\" \/>\n<meta name=\"twitter:card\" content=\"summary_large_image\" \/>\n<meta name=\"twitter:label1\" content=\"Tiempo de lectura\" \/>\n\t<meta name=\"twitter:data1\" content=\"2 minutos\" \/>\n<script type=\"application\/ld+json\" class=\"yoast-schema-graph\">{\"@context\":\"https:\/\/schema.org\",\"@graph\":[{\"@type\":\"WebSite\",\"@id\":\"https:\/\/sunshineloans.com\/#website\",\"url\":\"https:\/\/sunshineloans.com\/\",\"name\":\"sunshine\",\"description\":\"sunshineloans\",\"potentialAction\":[{\"@type\":\"SearchAction\",\"target\":{\"@type\":\"EntryPoint\",\"urlTemplate\":\"https:\/\/sunshineloans.com\/?s={search_term_string}\"},\"query-input\":\"required name=search_term_string\"}],\"inLanguage\":\"es-MX\"},{\"@type\":\"WebPage\",\"@id\":\"https:\/\/sunshineloans.com\/rates-terms-kansas\/#webpage\",\"url\":\"https:\/\/sunshineloans.com\/rates-terms-kansas\/\",\"name\":\"Sunshine Loans - Rates & Terms - Kansas\",\"isPartOf\":{\"@id\":\"https:\/\/sunshineloans.com\/#website\"},\"datePublished\":\"2023-09-12T22:20:16+00:00\",\"dateModified\":\"2026-04-01T22:30:13+00:00\",\"breadcrumb\":{\"@id\":\"https:\/\/sunshineloans.com\/rates-terms-kansas\/#breadcrumb\"},\"inLanguage\":\"es-MX\",\"potentialAction\":[{\"@type\":\"ReadAction\",\"target\":[\"https:\/\/sunshineloans.com\/rates-terms-kansas\/\"]}]},{\"@type\":\"BreadcrumbList\",\"@id\":\"https:\/\/sunshineloans.com\/rates-terms-kansas\/#breadcrumb\",\"itemListElement\":[{\"@type\":\"ListItem\",\"position\":1,\"name\":\"Home\",\"item\":\"https:\/\/sunshineloans.com\/\"},{\"@type\":\"ListItem\",\"position\":2,\"name\":\"Rates &#038; Terms &#8211; Kansas\"}]}]}<\/script>\n<!-- \/ Yoast SEO plugin. -->","yoast_head_json":{"robots":{"index":"index","follow":"follow","max-snippet":"max-snippet:-1","max-image-preview":"max-image-preview:large","max-video-preview":"max-video-preview:-1"},"canonical":"https:\/\/sunshineloans.com\/es\/rates-terms-kansas\/","og_locale":"es_MX","og_type":"article","og_title":"Sunshine Loans - Rates & Terms - Kansas","og_url":"https:\/\/sunshineloans.com\/es\/rates-terms-kansas\/","og_site_name":"sunshine","article_modified_time":"2026-04-01T22:30:13+00:00","twitter_card":"summary_large_image","twitter_misc":{"Tiempo de lectura":"2 minutos"},"schema":{"@context":"https:\/\/schema.org","@graph":[{"@type":"WebSite","@id":"https:\/\/sunshineloans.com\/#website","url":"https:\/\/sunshineloans.com\/","name":"sunshine","description":"sunshineloans","potentialAction":[{"@type":"SearchAction","target":{"@type":"EntryPoint","urlTemplate":"https:\/\/sunshineloans.com\/?s={search_term_string}"},"query-input":"required name=search_term_string"}],"inLanguage":"es-MX"},{"@type":"WebPage","@id":"https:\/\/sunshineloans.com\/rates-terms-kansas\/#webpage","url":"https:\/\/sunshineloans.com\/rates-terms-kansas\/","name":"Sunshine Loans - Rates & Terms - Kansas","isPartOf":{"@id":"https:\/\/sunshineloans.com\/#website"},"datePublished":"2023-09-12T22:20:16+00:00","dateModified":"2026-04-01T22:30:13+00:00","breadcrumb":{"@id":"https:\/\/sunshineloans.com\/rates-terms-kansas\/#breadcrumb"},"inLanguage":"es-MX","potentialAction":[{"@type":"ReadAction","target":["https:\/\/sunshineloans.com\/rates-terms-kansas\/"]}]},{"@type":"BreadcrumbList","@id":"https:\/\/sunshineloans.com\/rates-terms-kansas\/#breadcrumb","itemListElement":[{"@type":"ListItem","position":1,"name":"Home","item":"https:\/\/sunshineloans.com\/"},{"@type":"ListItem","position":2,"name":"Rates &#038; Terms &#8211; Kansas"}]}]}},"_links":{"self":[{"href":"https:\/\/sunshineloans.com\/es\/wp-json\/wp\/v2\/pages\/1810","targetHints":{"allow":["GET"]}}],"collection":[{"href":"https:\/\/sunshineloans.com\/es\/wp-json\/wp\/v2\/pages"}],"about":[{"href":"https:\/\/sunshineloans.com\/es\/wp-json\/wp\/v2\/types\/page"}],"author":[{"embeddable":true,"href":"https:\/\/sunshineloans.com\/es\/wp-json\/wp\/v2\/users\/2"}],"replies":[{"embeddable":true,"href":"https:\/\/sunshineloans.com\/es\/wp-json\/wp\/v2\/comments?post=1810"}],"version-history":[{"count":0,"href":"https:\/\/sunshineloans.com\/es\/wp-json\/wp\/v2\/pages\/1810\/revisions"}],"wp:attachment":[{"href":"https:\/\/sunshineloans.com\/es\/wp-json\/wp\/v2\/media?parent=1810"}],"curies":[{"name":"wp","href":"https:\/\/api.w.org\/{rel}","templated":true}]}}