{"id":1692,"date":"2023-05-05T14:18:55","date_gmt":"2023-05-05T14:18:55","guid":{"rendered":"https:\/\/sunshineloans.com\/?page_id=1692"},"modified":"2024-12-02T15:11:17","modified_gmt":"2024-12-02T15:11:17","slug":"rates-terms-wisconsin","status":"publish","type":"page","link":"https:\/\/sunshineloans.com\/es\/rates-terms-wisconsin\/","title":{"rendered":"Rates &#038; Terms &#8211; Wisconsin"},"content":{"rendered":"<div id=\"Inner-page-head\"     class=\"vc_row wpb_row section vc_row-fluid\" style=' text-align:left;'><div class=\"full_section_inner clearfix\"><div class=\"wpb_column vc_column_container vc_col-sm-12\"><div class=\"vc_column-inner\"><div class=\"wpb_wrapper\">\n\t<div class=\"wpb_text_column wpb_content_element\">\n\t\t<div class=\"wpb_wrapper\">\n\t\t\t<h2 style=\"text-align: center;\">Tasas y t\u00e9rminos de Wisconsin<\/h2>\n\n\t\t<\/div> \n\t<\/div> \t<div class=\"vc_empty_space\"  style=\"height: 50px\" ><span\n\t\t\tclass=\"vc_empty_space_inner\">\n\t\t\t<span class=\"empty_space_image\"  ><\/span>\n\t\t<\/span><\/div>\n\n<\/div><\/div><\/div><\/div><\/div><div      class=\"vc_row wpb_row section vc_row-fluid  grid_section\" style=' text-align:left;'><div class=\"section_inner clearfix\"><div class='section_inner_margin clearfix'><div class=\"wpb_column vc_column_container vc_col-sm-12\"><div class=\"vc_column-inner\"><div class=\"wpb_wrapper\">\n\t<div class=\"wpb_text_column wpb_content_element\">\n\t\t<div class=\"wpb_wrapper\">\n\t\t\t<h2 style=\"text-align: center; color: #322b69;\">Online Installment Loans<\/h2>\n\n\t\t<\/div> \n\t<\/div> \n\t<div class=\"wpb_text_column wpb_content_element\">\n\t\t<div class=\"wpb_wrapper\">\n\t\t\t<p style=\"text-align: center;\"><em><span style=\"color: #ff0000;\">Los acuerdos de pr\u00e9stamo de Wisconsin Sunshine Loans se rigen por el estado de Wisconsin.<\/span><\/em><\/p>\n\n\t\t<\/div> \n\t<\/div> <div      class=\"vc_row wpb_row section vc_row-fluid vc_inner  vc_custom_1669763338716\" style=' text-align:left;'><div class=\"full_section_inner clearfix\"><div class=\"wpb_column vc_column_container vc_col-sm-12\"><div class=\"vc_column-inner\"><div class=\"wpb_wrapper\">\n\t<div class=\"wpb_text_column wpb_content_element\">\n\t\t<div class=\"wpb_wrapper\">\n\t\t\t<h2><span style=\"color: #322b69;\">Ver Ejemplos de Cargos Financieros<\/span><\/h2>\n<p><select id=\"dollarsWI\" style=\"width: 150px;\" name=\"dollarsWI\" onchange=\"changeWI(this.value)\"><option value=\"biweekly\">Bi-Weekly Payments<\/option><option value=\"monthly\">Monthly Payments<\/option><\/select><\/p>\n<table id=\"tbl\" style=\"height: 478px;\" width=\"985\">\n<tbody>\n<tr>\n<td><strong>Monto financiado<\/strong><\/p>\n<p>(la cantidad de cr\u00e9dito que se le proporcion\u00f3 en su nombre)<\/td>\n<td id=\"AF\">$400.00<\/td>\n<\/tr>\n<tr>\n<td><strong>Cargo Financiero<\/strong><\/p>\n<p>(la cantidad en d\u00f3lares que le costar\u00e1 el cr\u00e9dito)<\/td>\n<td id=\"FC\">$548.63<\/td>\n<\/tr>\n<tr>\n<td><strong>Numero de pagos<\/strong><\/td>\n<td id=\"NP\">7<\/td>\n<\/tr>\n<tr>\n<td><strong>Monto del pago<\/strong><\/td>\n<td id=\"PA\">6 Bi-Weekly Payments of $135.54<br \/>\n1 Bi-Weekly Payment of $135.39<\/td>\n<\/tr>\n<tr>\n<td><strong>Total de pagos<\/strong><br \/>\n* Suponiendo que todos los pagos se realicen seg\u00fan lo programado<\/td>\n<td id=\"TP\">$948.63<\/td>\n<\/tr>\n<tr>\n<td><strong>APR**<\/strong><\/td>\n<td id=\"AP\">722.71%<\/td>\n<\/tr>\n<\/tbody>\n<\/table>\n<h6 id=\"APRM\">**Annual Percentage Rate: The APR is the total cost of your loan expressed as a yearly rate. The above APR is based on example loan terms of 7 installments due over four months. The APR will increase if the actual loan term is shorter than these examples, and will decrease if your loan term is longer.<\/h6>\n<p>&nbsp;<\/p>\n<h2 id=\"EXM\" style=\"color: #322b69;\">Ejemplo de programa de pago quincenal<\/h2>\n<p id=\"EXMA\">Example Loan Amount: $400<\/p>\n<p id=\"EXMB\">Example Loan Start Date: 05\/02\/2023<\/p>\n<table id=\"tbl3\" style=\"width: 100%; visibility: visible;\">\n<tbody>\n<tr>\n<th style=\"background-color: #aab5ad;\">Numero de pagos<\/th>\n<th style=\"background-color: #aab5ad;\">Monto del pago<\/th>\n<th style=\"background-color: #aab5ad;\">Fecha de vencimiento del pago<\/th>\n<\/tr>\n<tr>\n<td>1<\/td>\n<td>$135.54<\/td>\n<td>05\/16\/2023<\/td>\n<\/tr>\n<tr>\n<td>2<\/td>\n<td>$135.54<\/td>\n<td>05\/30\/2023<\/td>\n<\/tr>\n<tr>\n<td>3<\/td>\n<td>$135.54<\/td>\n<td>06\/13\/2023<\/td>\n<\/tr>\n<tr>\n<td>4<\/td>\n<td>$135.54<\/td>\n<td>06\/27\/2023<\/td>\n<\/tr>\n<tr>\n<td>5<\/td>\n<td>$135.54<\/td>\n<td>07\/11\/2023<\/td>\n<\/tr>\n<tr>\n<td>6<\/td>\n<td>$135.54<\/td>\n<td>07\/25\/2023<\/td>\n<\/tr>\n<tr>\n<td>7<\/td>\n<td>$135.39<\/td>\n<td>08\/08\/2023<\/td>\n<\/tr>\n<\/tbody>\n<\/table>\n<table id=\"tbl2\" style=\"width: 100%; visibility: collapse;\">\n<tbody>\n<tr>\n<th style=\"background-color: #aab5ad;\">Numero de pagos<\/th>\n<th style=\"background-color: #aab5ad;\">Monto del pago<\/th>\n<th style=\"background-color: #aab5ad;\">Fecha de vencimiento del pago<\/th>\n<\/tr>\n<tr>\n<td>1<\/td>\n<td>$281.96<\/td>\n<td>08\/31\/2023<\/td>\n<\/tr>\n<tr>\n<td>2<\/td>\n<td>$281.96<\/td>\n<td>09\/30\/2023<\/td>\n<\/tr>\n<tr>\n<td>3<\/td>\n<td>$281.96<\/td>\n<td>10\/31\/2023<\/td>\n<\/tr>\n<tr>\n<td>4<\/td>\n<td>$281.96<\/td>\n<td>11\/30\/2023<\/td>\n<\/tr>\n<\/tbody>\n<\/table>\n<p><script>\nfunction changeWI(val) {\n  switch(val) {\n    case \"biweekly\":\n      document.getElementById(\"AF\").innerHTML = \"$400.00\";\n      document.getElementById(\"FC\").innerHTML = \"$548.63\";\n      document.getElementById(\"NP\").innerHTML = \"7\";\n      document.getElementById(\"PA\").innerHTML = \"6 Bi-Weekly Payments of $135.54\n1 Bi-Weekly payment of $135.39\";\n      document.getElementById(\"TP\").innerHTML = \"$948.63\";\n      document.getElementById(\"AP\").innerHTML = \"722.71%\";\n      document.getElementById(\"APRM\").innerHTML = \"**Annual Percentage Rate: The APR is the total cost of your loan expressed as a yearly rate. The above APR is based on example loan terms of 7 installments due over four months. The APR will increase if the actual loan term is shorter than these examples, and will decrease if your loan term is longer.\";\n      document.getElementById(\"tbl2\").style.visibility = \"collapse\";\n      document.getElementById(\"tbl3\").style.visibility = \"visible\";\n      document.getElementById(\"EXM\").innerHTML = \"Example Bi-Weekly Payment Schedule\";\n      document.getElementById(\"EXM\").style.fontWeight = 'bold';\n      document.getElementById(\"EXMA\").innerHTML = \"Example Loan Amount: $400\";\n      document.getElementById(\"EXMB\").innerHTML = \"Example Loan Start Date: 05\/08\/2023\";\n      break;\n    case \"monthly\":\n      document.getElementById(\"AF\").innerHTML = \"$400.00\";\n      document.getElementById(\"FC\").innerHTML = \"$727.75\";\n      document.getElementById(\"NP\").innerHTML = \"4\";\n      document.getElementById(\"PA\").innerHTML = \"3 Monthly Payments of $281.96\n1 Monthly Payment of $281.87\";\n      document.getElementById(\"TP\").innerHTML = \"$1,127.75\";\n      document.getElementById(\"AP\").innerHTML = \"715.59%\";\n      document.getElementById(\"APRM\").innerHTML = \"**Annual Percentage Rate: The APR is the total cost of your loan expressed as a yearly rate. The above APR is based on example loan terms of 4 installments due over four months. The APR will increase if the actual loan term is shorter than these examples, and will decrease if your loan term is longer.\";\n      document.getElementById(\"tbl2\").style.visibility = \"visible\";\n      document.getElementById(\"tbl3\").style.visibility = \"collapse\";\n      document.getElementById(\"EXM\").innerHTML = \"Example Monthly Payment Schedule\";\n      document.getElementById(\"EXM\").style.fontWeight = 'bold';\n      document.getElementById(\"EXMA\").innerHTML = \"Example Loan Amount: $400\";\n      document.getElementById(\"EXMB\").innerHTML = \"Example Loan Start Date: 08\/01\/2023\";\n      break;\n    default:\n    \/\/ code block\n  }\n}\n<\/script><\/p>\n\n\t\t<\/div> \n\t<\/div> \t<div class=\"vc_empty_space\"  style=\"height: 32px\" ><span\n\t\t\tclass=\"vc_empty_space_inner\">\n\t\t\t<span class=\"empty_space_image\"  ><\/span>\n\t\t<\/span><\/div>\n\n<\/div><\/div><\/div><\/div><\/div>\t<div class=\"vc_empty_space\"  style=\"height: 32px\" ><span\n\t\t\tclass=\"vc_empty_space_inner\">\n\t\t\t<span class=\"empty_space_image\"  ><\/span>\n\t\t<\/span><\/div>\n\n\n\t<div class=\"wpb_text_column wpb_content_element  online-installment\">\n\t\t<div class=\"wpb_wrapper\">\n\t\t\t<h2 class=\"mb-3\">Wisconsin Licenses<\/h2>\n<p>&nbsp;<\/p>\n<p class=\"h4 mb-1\"><a href=\"https:\/\/sunshineloans.com\/wp-content\/uploads\/2024\/12\/MoneySpot-USA-Direct-LLC-Loan-Company-License-2024.pdf\"><span style=\"color: #322b69;\">Wisconsin Loan Company License<\/span><\/a><\/p>\n\n\t\t<\/div> \n\t<\/div> \t<div class=\"vc_empty_space\"  style=\"height: 64px\" ><span\n\t\t\tclass=\"vc_empty_space_inner\">\n\t\t\t<span class=\"empty_space_image\"  ><\/span>\n\t\t<\/span><\/div>\n\n\n\t<div class=\"wpb_text_column wpb_content_element  online-installment\">\n\t\t<div class=\"wpb_wrapper\">\n\t\t\t<h2 class=\"mb-3\">Preguntas sobre pr\u00e9stamos a plazos en l\u00ednea<\/h2>\n<p>&nbsp;<\/p>\n<h4 class=\"h4 mb-1\"><span style=\"color: #322b69;\"><strong>\u00bfCu\u00e1nto dinero puedo pedir prestado?<\/strong><\/span><\/h4>\n<p>&nbsp;<\/p>\n<p class=\"mb-3\">Los residentes de Wisconsin pueden ser elegibles para recibir hasta <strong>$2,000<\/strong> con un pr\u00e9stamo a plazos en l\u00ednea de Sunshine Loans. Si paga su pr\u00e9stamo a plazos antes o seg\u00fan lo programado, puede ser elegible para un monto de pr\u00e9stamo mayor la pr\u00f3xima vez que necesite un pr\u00e9stamo a plazos de Sunshine Loans.<\/p>\n<p>&nbsp;<\/p>\n<p><span style=\"color: #322b69;\"><strong>\u00bfPuedo recibir fondos el mismo d\u00eda?<\/strong><\/span><\/p>\n<p><strong>\u00a0<\/strong><\/p>\n<p>Para pr\u00e9stamos financiados a trav\u00e9s de tarjeta de d\u00e9bito, los fondos se env\u00edan a la cuenta bancaria vinculada a su tarjeta de d\u00e9bito inmediatamente despu\u00e9s de que se aprueba su pr\u00e9stamo y acepta nuestra oferta. Pueden ocurrir retrasos debido a circunstancias fuera de nuestro control. Si no podemos validar su tarjeta, o si elige no optar por este servicio, los fondos se enviar\u00e1n a trav\u00e9s de un dep\u00f3sito ACH. Los pr\u00e9stamos aprobados antes de las 11:30 a. m. de un d\u00eda h\u00e1bil generalmente se financiar\u00e1n el mismo d\u00eda; de lo contrario, los fondos se depositar\u00e1n el siguiente d\u00eda h\u00e1bil. Todas las horas l\u00edmite de financiaci\u00f3n est\u00e1n sujetas a cambios. La fecha y la hora en que su banco pone los fondos a su disposici\u00f3n est\u00e1n sujetas a las pol\u00edticas de su banco.<\/p>\n<p>&nbsp;<\/p>\n<p><span style=\"color: #322b69;\"><strong>\u00bfPuedo cancelar mi pr\u00e9stamo antes de tiempo?<\/strong><\/span><\/p>\n<p><strong>\u00a0<\/strong><\/p>\n<p>S\u00ed, puedes hacerlo. No hay cargos o penalidades por pagos anticipados, e incluso puedes ser elegible para un monto de pago anticipado con descuento.<\/p>\n<p>&nbsp;<\/p>\n<p><span style=\"color: #322b69;\"><strong>No vivo en Wisconsin; \u00bfTodav\u00eda puedo solicitar un pr\u00e9stamo a plazos?<\/strong><\/span><\/p>\n<p>&nbsp;<\/p>\n<p>Para ser elegible para un pr\u00e9stamo a plazos de Sunshine Loans en Wisconsin, debe ser residente del estado y cumplir con los dem\u00e1s requisitos de elegibilidad. Si es residente de otro estado, puede solicitar cualquier producto de pr\u00e9stamo ofrecido en su estado de residencia.<\/p>\n<p>&nbsp;<\/p>\n<p><span style=\"color: #322b69;\"><strong>\u00bfCon qui\u00e9n puedo hablar si tengo preguntas adicionales?<\/strong><\/span><\/p>\n<p>&nbsp;<\/p>\n<p>Si tiene preguntas adicionales, puede consultar nuestra p\u00e1gina de preguntas frecuentes, comunicarse con un miembro de nuestro equipo de servicio al cliente al (800) 504-9776 o enviarnos un correo electr\u00f3nico a info@sunshineloans.com<\/p>\n\n\t\t<\/div> \n\t<\/div> <\/div><\/div><\/div><\/div><\/div><\/div><div      class=\"vc_row wpb_row section vc_row-fluid\" style=' text-align:left;'><div class=\"full_section_inner clearfix\"><div class=\"wpb_column vc_column_container vc_col-sm-12\"><div class=\"vc_column-inner\"><div class=\"wpb_wrapper\">\n\t<div class=\"wpb_text_column wpb_content_element\">\n\t\t<div class=\"wpb_wrapper\">\n\t\t\t\n\t\t<\/div> \n\t<\/div> <\/div><\/div><\/div><\/div><\/div><div      class=\"vc_row wpb_row section vc_row-fluid\" style=' text-align:left;'><div class=\"full_section_inner clearfix\"><div class=\"wpb_column vc_column_container vc_col-sm-12\"><div class=\"vc_column-inner\"><div class=\"wpb_wrapper\"><\/div><\/div><\/div><\/div><\/div>","protected":false},"excerpt":{"rendered":"Wisconsin Rates &amp; Terms Online Installment Loans Wisconsin Sunshine Loans loan agreements are governed by the State of Wisconsin. View Example Finance Charges Bi-Weekly PaymentsMonthly Payments Amount Financed (the amount of credit provided to you on your behalf) $400.00 Finance Charge (the dollar amount the...","protected":false},"author":2,"featured_media":0,"parent":0,"menu_order":0,"comment_status":"closed","ping_status":"closed","template":"","meta":{"footnotes":""},"class_list":["post-1692","page","type-page","status-publish","hentry"],"yoast_head":"<!-- This site is optimized with the Yoast SEO plugin v16.7 - https:\/\/yoast.com\/wordpress\/plugins\/seo\/ -->\n<meta name=\"robots\" content=\"index, follow, max-snippet:-1, max-image-preview:large, max-video-preview:-1\" \/>\n<link rel=\"canonical\" href=\"https:\/\/sunshineloans.com\/es\/rates-terms-wisconsin\/\" \/>\n<meta property=\"og:locale\" content=\"es_MX\" \/>\n<meta property=\"og:type\" content=\"article\" \/>\n<meta property=\"og:title\" content=\"Sunshine Loans - Rates &amp; Terms - Wisconsin\" \/>\n<meta property=\"og:url\" content=\"https:\/\/sunshineloans.com\/es\/rates-terms-wisconsin\/\" \/>\n<meta property=\"og:site_name\" content=\"sunshine\" \/>\n<meta property=\"article:modified_time\" content=\"2024-12-02T15:11:17+00:00\" \/>\n<meta name=\"twitter:card\" content=\"summary_large_image\" \/>\n<meta name=\"twitter:label1\" content=\"Tiempo de lectura\" \/>\n\t<meta name=\"twitter:data1\" content=\"4 minutos\" \/>\n<script type=\"application\/ld+json\" class=\"yoast-schema-graph\">{\"@context\":\"https:\/\/schema.org\",\"@graph\":[{\"@type\":\"WebSite\",\"@id\":\"https:\/\/sunshineloans.com\/#website\",\"url\":\"https:\/\/sunshineloans.com\/\",\"name\":\"sunshine\",\"description\":\"sunshineloans\",\"potentialAction\":[{\"@type\":\"SearchAction\",\"target\":{\"@type\":\"EntryPoint\",\"urlTemplate\":\"https:\/\/sunshineloans.com\/?s={search_term_string}\"},\"query-input\":\"required name=search_term_string\"}],\"inLanguage\":\"es-MX\"},{\"@type\":\"WebPage\",\"@id\":\"https:\/\/sunshineloans.com\/rates-terms-wisconsin\/#webpage\",\"url\":\"https:\/\/sunshineloans.com\/rates-terms-wisconsin\/\",\"name\":\"Sunshine Loans - Rates & Terms - Wisconsin\",\"isPartOf\":{\"@id\":\"https:\/\/sunshineloans.com\/#website\"},\"datePublished\":\"2023-05-05T14:18:55+00:00\",\"dateModified\":\"2024-12-02T15:11:17+00:00\",\"breadcrumb\":{\"@id\":\"https:\/\/sunshineloans.com\/rates-terms-wisconsin\/#breadcrumb\"},\"inLanguage\":\"es-MX\",\"potentialAction\":[{\"@type\":\"ReadAction\",\"target\":[\"https:\/\/sunshineloans.com\/rates-terms-wisconsin\/\"]}]},{\"@type\":\"BreadcrumbList\",\"@id\":\"https:\/\/sunshineloans.com\/rates-terms-wisconsin\/#breadcrumb\",\"itemListElement\":[{\"@type\":\"ListItem\",\"position\":1,\"name\":\"Home\",\"item\":\"https:\/\/sunshineloans.com\/\"},{\"@type\":\"ListItem\",\"position\":2,\"name\":\"Rates &#038; Terms &#8211; Wisconsin\"}]}]}<\/script>\n<!-- \/ Yoast SEO plugin. -->","yoast_head_json":{"robots":{"index":"index","follow":"follow","max-snippet":"max-snippet:-1","max-image-preview":"max-image-preview:large","max-video-preview":"max-video-preview:-1"},"canonical":"https:\/\/sunshineloans.com\/es\/rates-terms-wisconsin\/","og_locale":"es_MX","og_type":"article","og_title":"Sunshine Loans - Rates & Terms - Wisconsin","og_url":"https:\/\/sunshineloans.com\/es\/rates-terms-wisconsin\/","og_site_name":"sunshine","article_modified_time":"2024-12-02T15:11:17+00:00","twitter_card":"summary_large_image","twitter_misc":{"Tiempo de lectura":"4 minutos"},"schema":{"@context":"https:\/\/schema.org","@graph":[{"@type":"WebSite","@id":"https:\/\/sunshineloans.com\/#website","url":"https:\/\/sunshineloans.com\/","name":"sunshine","description":"sunshineloans","potentialAction":[{"@type":"SearchAction","target":{"@type":"EntryPoint","urlTemplate":"https:\/\/sunshineloans.com\/?s={search_term_string}"},"query-input":"required name=search_term_string"}],"inLanguage":"es-MX"},{"@type":"WebPage","@id":"https:\/\/sunshineloans.com\/rates-terms-wisconsin\/#webpage","url":"https:\/\/sunshineloans.com\/rates-terms-wisconsin\/","name":"Sunshine Loans - Rates & Terms - Wisconsin","isPartOf":{"@id":"https:\/\/sunshineloans.com\/#website"},"datePublished":"2023-05-05T14:18:55+00:00","dateModified":"2024-12-02T15:11:17+00:00","breadcrumb":{"@id":"https:\/\/sunshineloans.com\/rates-terms-wisconsin\/#breadcrumb"},"inLanguage":"es-MX","potentialAction":[{"@type":"ReadAction","target":["https:\/\/sunshineloans.com\/rates-terms-wisconsin\/"]}]},{"@type":"BreadcrumbList","@id":"https:\/\/sunshineloans.com\/rates-terms-wisconsin\/#breadcrumb","itemListElement":[{"@type":"ListItem","position":1,"name":"Home","item":"https:\/\/sunshineloans.com\/"},{"@type":"ListItem","position":2,"name":"Rates &#038; Terms &#8211; Wisconsin"}]}]}},"_links":{"self":[{"href":"https:\/\/sunshineloans.com\/es\/wp-json\/wp\/v2\/pages\/1692","targetHints":{"allow":["GET"]}}],"collection":[{"href":"https:\/\/sunshineloans.com\/es\/wp-json\/wp\/v2\/pages"}],"about":[{"href":"https:\/\/sunshineloans.com\/es\/wp-json\/wp\/v2\/types\/page"}],"author":[{"embeddable":true,"href":"https:\/\/sunshineloans.com\/es\/wp-json\/wp\/v2\/users\/2"}],"replies":[{"embeddable":true,"href":"https:\/\/sunshineloans.com\/es\/wp-json\/wp\/v2\/comments?post=1692"}],"version-history":[{"count":0,"href":"https:\/\/sunshineloans.com\/es\/wp-json\/wp\/v2\/pages\/1692\/revisions"}],"wp:attachment":[{"href":"https:\/\/sunshineloans.com\/es\/wp-json\/wp\/v2\/media?parent=1692"}],"curies":[{"name":"wp","href":"https:\/\/api.w.org\/{rel}","templated":true}]}}