{"id":1682,"date":"2023-05-03T22:48:19","date_gmt":"2023-05-03T22:48:19","guid":{"rendered":"https:\/\/sunshineloans.com\/?page_id=1682"},"modified":"2023-05-05T22:40:20","modified_gmt":"2023-05-05T22:40:20","slug":"resources","status":"publish","type":"page","link":"https:\/\/sunshineloans.com\/es\/resources\/","title":{"rendered":"Recursos"},"content":{"rendered":"<div id=\"Inner-page-head\"     class=\"vc_row wpb_row section vc_row-fluid\" style=' text-align:left;'><div class=\"full_section_inner clearfix\"><div class=\"wpb_column vc_column_container vc_col-sm-12\"><div class=\"vc_column-inner\"><div class=\"wpb_wrapper\">\n\t<div class=\"wpb_text_column wpb_content_element\">\n\t\t<div class=\"wpb_wrapper\">\n\t\t\t<h2 style=\"text-align: center;\">Recursos<\/h2>\n\n\t\t<\/div> \n\t<\/div> \t<div class=\"vc_empty_space\"  style=\"height: 50px\" ><span\n\t\t\tclass=\"vc_empty_space_inner\">\n\t\t\t<span class=\"empty_space_image\"  ><\/span>\n\t\t<\/span><\/div>\n\n<\/div><\/div><\/div><\/div><\/div><div      class=\"vc_row wpb_row section vc_row-fluid  grid_section\" style=' text-align:left;'><div class=\"section_inner clearfix\"><div class='section_inner_margin clearfix'><div class=\"wpb_column vc_column_container vc_col-sm-12\"><div class=\"vc_column-inner\"><div class=\"wpb_wrapper\">\n\t<div class=\"wpb_text_column wpb_content_element  consent-of-electronic\">\n\t\t<div class=\"wpb_wrapper\">\n\t\t\t<h2>\u00a0<a href=\"https:\/\/sunshineloans.com\/es\/resources-become-debt-free\/\"><span style=\"color: #302969;\">Convi\u00e9rtase en libre de deudas<\/span><\/a><\/h2>\n<p><a href=\"https:\/\/sunshineloans.com\/es\/resources-become-debt-free\/\"><span style=\"color: #757575;\">Haga clic aqu\u00ed<\/span><\/a> para obtener consejos y trucos para reducir su deuda y alcanzar sus objetivos financieros.<\/p>\n\n\t\t<\/div> \n\t<\/div> <\/div><\/div><\/div><\/div><\/div><\/div><div      class=\"vc_row wpb_row section vc_row-fluid\" style=' text-align:left;'><div class=\"full_section_inner clearfix\"><div class=\"wpb_column vc_column_container vc_col-sm-12\"><div class=\"vc_column-inner\"><div class=\"wpb_wrapper\">\t<div class=\"vc_empty_space\"  style=\"height: 10px\" ><span\n\t\t\tclass=\"vc_empty_space_inner\">\n\t\t\t<span class=\"empty_space_image\"  ><\/span>\n\t\t<\/span><\/div>\n\n<\/div><\/div><\/div><\/div><\/div><div      class=\"vc_row wpb_row section vc_row-fluid  grid_section\" style=' text-align:left;'><div class=\"section_inner clearfix\"><div class='section_inner_margin clearfix'><div class=\"wpb_column vc_column_container vc_col-sm-12\"><div class=\"vc_column-inner\"><div class=\"wpb_wrapper\">\n\t<div class=\"wpb_text_column wpb_content_element  consent-of-electronic\">\n\t\t<div class=\"wpb_wrapper\">\n\t\t\t<h2>\u00a0<a href=\"https:\/\/sunshineloans.com\/es\/resources-create-a-budget\/\"><span style=\"color: #302969;\">Crear un presupuesto<\/span><\/a><\/h2>\n<p><a href=\"https:\/\/sunshineloans.com\/es\/resources-create-a-budget\/\"><span style=\"color: #757575;\">Haga clic aqu\u00ed<\/span><\/a> para obtener una gu\u00eda paso a paso para crear un presupuesto que funcione para usted.<\/p>\n\n\t\t<\/div> \n\t<\/div> <\/div><\/div><\/div><\/div><\/div><\/div><div      class=\"vc_row wpb_row section vc_row-fluid\" style=' text-align:left;'><div class=\"full_section_inner clearfix\"><div class=\"wpb_column vc_column_container vc_col-sm-12\"><div class=\"vc_column-inner\"><div class=\"wpb_wrapper\">\t<div class=\"vc_empty_space\"  style=\"height: 10px\" ><span\n\t\t\tclass=\"vc_empty_space_inner\">\n\t\t\t<span class=\"empty_space_image\"  ><\/span>\n\t\t<\/span><\/div>\n\n<\/div><\/div><\/div><\/div><\/div><div      class=\"vc_row wpb_row section vc_row-fluid  grid_section\" style=' text-align:left;'><div class=\"section_inner clearfix\"><div class='section_inner_margin clearfix'><div class=\"wpb_column vc_column_container vc_col-sm-12\"><div class=\"vc_column-inner\"><div class=\"wpb_wrapper\">\n\t<div class=\"wpb_text_column wpb_content_element  consent-of-electronic\">\n\t\t<div class=\"wpb_wrapper\">\n\t\t\t<h2>\u00a0<a href=\"https:\/\/sunshineloans.com\/es\/resources-cut-costs-save\/\"><span style=\"color: #302969;\">Reduzca costos y ahorre<\/span><\/a><\/h2>\n<p><a href=\"https:\/\/sunshineloans.com\/es\/resources-cut-costs-save\/\"><span style=\"color: #757575;\">Haga clic aqu\u00ed<\/span><\/a> para conocer 20 formas sencillas de reducir gastos innecesarios y aumentar sus ahorros.<\/p>\n\n\t\t<\/div> \n\t<\/div> <\/div><\/div><\/div><\/div><\/div><\/div><div      class=\"vc_row wpb_row section vc_row-fluid\" style=' text-align:left;'><div class=\"full_section_inner clearfix\"><div class=\"wpb_column vc_column_container vc_col-sm-12\"><div class=\"vc_column-inner\"><div class=\"wpb_wrapper\">\t<div class=\"vc_empty_space\"  style=\"height: 10px\" ><span\n\t\t\tclass=\"vc_empty_space_inner\">\n\t\t\t<span class=\"empty_space_image\"  ><\/span>\n\t\t<\/span><\/div>\n\n<\/div><\/div><\/div><\/div><\/div><div      class=\"vc_row wpb_row section vc_row-fluid  grid_section\" style=' text-align:left;'><div class=\"section_inner clearfix\"><div class='section_inner_margin clearfix'><div class=\"wpb_column vc_column_container vc_col-sm-12\"><div class=\"vc_column-inner\"><div class=\"wpb_wrapper\">\n\t<div class=\"wpb_text_column wpb_content_element  consent-of-electronic\">\n\t\t<div class=\"wpb_wrapper\">\n\t\t\t<h2>\u00a0<a href=\"https:\/\/sunshineloans.com\/es\/resources-emergency-fund\/\"><span style=\"color: #302969;\">Crear un fondo de emergencia<\/span><\/a><\/h2>\n<p><a href=\"https:\/\/sunshineloans.com\/es\/resources-emergency-fund\/\"><span style=\"color: #757575;\">Haga clic aqu\u00ed<\/span><\/a> to learn about the importance of an emergency fund and the steps to create your own.<\/p>\n\n\t\t<\/div> \n\t<\/div> <\/div><\/div><\/div><\/div><\/div><\/div><div      class=\"vc_row wpb_row section vc_row-fluid\" style=' text-align:left;'><div class=\"full_section_inner clearfix\"><div class=\"wpb_column vc_column_container vc_col-sm-12\"><div class=\"vc_column-inner\"><div class=\"wpb_wrapper\">\t<div class=\"vc_empty_space\"  style=\"height: 100px\" ><span\n\t\t\tclass=\"vc_empty_space_inner\">\n\t\t\t<span class=\"empty_space_image\"  ><\/span>\n\t\t<\/span><\/div>\n\n<\/div><\/div><\/div><\/div><\/div><div      class=\"vc_row wpb_row section vc_row-fluid\" style=' text-align:left;'><div class=\"full_section_inner clearfix\"><div class=\"wpb_column vc_column_container vc_col-sm-12\"><div class=\"vc_column-inner\"><div class=\"wpb_wrapper\">\n\t<div class=\"wpb_text_column wpb_content_element  vc_custom_1683326261326\">\n\t\t<div class=\"wpb_wrapper\">\n\t\t\t<h6 style=\"font-weight: 200; text-align: left;\"><sub>EL CONTENIDO COMPARTIDO EN NUESTRA GU\u00cdA DE RECURSOS EST\u00c1 DESTINADO \u00daNICAMENTE A FINES INFORMATIVOS GENERALES. SI BIEN NOS ESFORZAMOS POR PROPORCIONAR INFORMACI\u00d3N PRECISA Y CONFIABLE, NO HACEMOS NING\u00daN RECLAMO O PROMESA EXPRESA O IMPL\u00cdCITA SOBRE SU EFECTIVIDAD, IDONEIDAD O APLICABILIDAD A SUS CIRCUNSTANCIAS FINANCIERAS ESPEC\u00cdFICAS. ES IMPORTANTE EVALUAR CUIDADOSAMENTE SU PROPIA SITUACI\u00d3N PERSONAL Y FINANCIERA O BUSCAR EL CONSEJO DE UN PROFESIONAL FINANCIERO CALIFICADO ANTES DE TOMAR CUALQUIER DECISI\u00d3N FINANCIERA.<\/sub><\/h6>\n\n\t\t<\/div> \n\t<\/div> <\/div><\/div><\/div><\/div><\/div>","protected":false},"excerpt":{"rendered":"Resources \u00a0Become Debt-Free Click here to for tips and tricks to reduce your debt and meet your financial goals. \u00a0Create A Budget Click here for a step-by-step guide to create a budget that works for you. \u00a0Cut Costs &amp; Save Click here for 20 simple...","protected":false},"author":2,"featured_media":0,"parent":0,"menu_order":0,"comment_status":"closed","ping_status":"closed","template":"","meta":{"footnotes":""},"class_list":["post-1682","page","type-page","status-publish","hentry"],"yoast_head":"<!-- This site is optimized with the Yoast SEO plugin v16.7 - https:\/\/yoast.com\/wordpress\/plugins\/seo\/ -->\n<meta name=\"robots\" content=\"index, follow, max-snippet:-1, max-image-preview:large, max-video-preview:-1\" \/>\n<link rel=\"canonical\" href=\"https:\/\/sunshineloans.com\/es\/resources\/\" \/>\n<meta property=\"og:locale\" content=\"es_MX\" \/>\n<meta property=\"og:type\" content=\"article\" \/>\n<meta property=\"og:title\" content=\"Sunshine Loans - Resources\" \/>\n<meta property=\"og:url\" content=\"https:\/\/sunshineloans.com\/es\/resources\/\" \/>\n<meta property=\"og:site_name\" content=\"sunshine\" \/>\n<meta property=\"article:modified_time\" content=\"2023-05-05T22:40:20+00:00\" \/>\n<meta name=\"twitter:card\" content=\"summary_large_image\" \/>\n<meta name=\"twitter:label1\" content=\"Tiempo de lectura\" \/>\n\t<meta name=\"twitter:data1\" content=\"2 minutos\" \/>\n<script type=\"application\/ld+json\" class=\"yoast-schema-graph\">{\"@context\":\"https:\/\/schema.org\",\"@graph\":[{\"@type\":\"WebSite\",\"@id\":\"https:\/\/sunshineloans.com\/#website\",\"url\":\"https:\/\/sunshineloans.com\/\",\"name\":\"sunshine\",\"description\":\"sunshineloans\",\"potentialAction\":[{\"@type\":\"SearchAction\",\"target\":{\"@type\":\"EntryPoint\",\"urlTemplate\":\"https:\/\/sunshineloans.com\/?s={search_term_string}\"},\"query-input\":\"required name=search_term_string\"}],\"inLanguage\":\"es-MX\"},{\"@type\":\"WebPage\",\"@id\":\"https:\/\/sunshineloans.com\/resources\/#webpage\",\"url\":\"https:\/\/sunshineloans.com\/resources\/\",\"name\":\"Sunshine Loans - Resources\",\"isPartOf\":{\"@id\":\"https:\/\/sunshineloans.com\/#website\"},\"datePublished\":\"2023-05-03T22:48:19+00:00\",\"dateModified\":\"2023-05-05T22:40:20+00:00\",\"breadcrumb\":{\"@id\":\"https:\/\/sunshineloans.com\/resources\/#breadcrumb\"},\"inLanguage\":\"es-MX\",\"potentialAction\":[{\"@type\":\"ReadAction\",\"target\":[\"https:\/\/sunshineloans.com\/resources\/\"]}]},{\"@type\":\"BreadcrumbList\",\"@id\":\"https:\/\/sunshineloans.com\/resources\/#breadcrumb\",\"itemListElement\":[{\"@type\":\"ListItem\",\"position\":1,\"name\":\"Home\",\"item\":\"https:\/\/sunshineloans.com\/\"},{\"@type\":\"ListItem\",\"position\":2,\"name\":\"Resources\"}]}]}<\/script>\n<!-- \/ Yoast SEO plugin. -->","yoast_head_json":{"robots":{"index":"index","follow":"follow","max-snippet":"max-snippet:-1","max-image-preview":"max-image-preview:large","max-video-preview":"max-video-preview:-1"},"canonical":"https:\/\/sunshineloans.com\/es\/resources\/","og_locale":"es_MX","og_type":"article","og_title":"Sunshine Loans - Resources","og_url":"https:\/\/sunshineloans.com\/es\/resources\/","og_site_name":"sunshine","article_modified_time":"2023-05-05T22:40:20+00:00","twitter_card":"summary_large_image","twitter_misc":{"Tiempo de lectura":"2 minutos"},"schema":{"@context":"https:\/\/schema.org","@graph":[{"@type":"WebSite","@id":"https:\/\/sunshineloans.com\/#website","url":"https:\/\/sunshineloans.com\/","name":"sunshine","description":"sunshineloans","potentialAction":[{"@type":"SearchAction","target":{"@type":"EntryPoint","urlTemplate":"https:\/\/sunshineloans.com\/?s={search_term_string}"},"query-input":"required name=search_term_string"}],"inLanguage":"es-MX"},{"@type":"WebPage","@id":"https:\/\/sunshineloans.com\/resources\/#webpage","url":"https:\/\/sunshineloans.com\/resources\/","name":"Sunshine Loans - Resources","isPartOf":{"@id":"https:\/\/sunshineloans.com\/#website"},"datePublished":"2023-05-03T22:48:19+00:00","dateModified":"2023-05-05T22:40:20+00:00","breadcrumb":{"@id":"https:\/\/sunshineloans.com\/resources\/#breadcrumb"},"inLanguage":"es-MX","potentialAction":[{"@type":"ReadAction","target":["https:\/\/sunshineloans.com\/resources\/"]}]},{"@type":"BreadcrumbList","@id":"https:\/\/sunshineloans.com\/resources\/#breadcrumb","itemListElement":[{"@type":"ListItem","position":1,"name":"Home","item":"https:\/\/sunshineloans.com\/"},{"@type":"ListItem","position":2,"name":"Resources"}]}]}},"_links":{"self":[{"href":"https:\/\/sunshineloans.com\/es\/wp-json\/wp\/v2\/pages\/1682","targetHints":{"allow":["GET"]}}],"collection":[{"href":"https:\/\/sunshineloans.com\/es\/wp-json\/wp\/v2\/pages"}],"about":[{"href":"https:\/\/sunshineloans.com\/es\/wp-json\/wp\/v2\/types\/page"}],"author":[{"embeddable":true,"href":"https:\/\/sunshineloans.com\/es\/wp-json\/wp\/v2\/users\/2"}],"replies":[{"embeddable":true,"href":"https:\/\/sunshineloans.com\/es\/wp-json\/wp\/v2\/comments?post=1682"}],"version-history":[{"count":0,"href":"https:\/\/sunshineloans.com\/es\/wp-json\/wp\/v2\/pages\/1682\/revisions"}],"wp:attachment":[{"href":"https:\/\/sunshineloans.com\/es\/wp-json\/wp\/v2\/media?parent=1682"}],"curies":[{"name":"wp","href":"https:\/\/api.w.org\/{rel}","templated":true}]}}