{"id":1671,"date":"2023-05-03T22:41:58","date_gmt":"2023-05-03T22:41:58","guid":{"rendered":"https:\/\/sunshineloans.com\/?page_id=1671"},"modified":"2023-05-05T22:43:14","modified_gmt":"2023-05-05T22:43:14","slug":"resources-cut-costs-save","status":"publish","type":"page","link":"https:\/\/sunshineloans.com\/es\/resources-cut-costs-save\/","title":{"rendered":"Resources &#8211; Cut Costs &#038; Save"},"content":{"rendered":"<div id=\"Inner-page-head\"     class=\"vc_row wpb_row section vc_row-fluid  grid_section\" style='background-color:#d7ecef; text-align:left;'><div class=\"section_inner clearfix\"><div class='section_inner_margin clearfix'><div class=\"wpb_column vc_column_container vc_col-sm-12\"><div class=\"vc_column-inner\"><div class=\"wpb_wrapper\">\n\t<div class=\"wpb_text_column wpb_content_element\">\n\t\t<div class=\"wpb_wrapper\">\n\t\t\t<h2 style=\"text-align: center;\">Reduzca costos y ahorre<\/h2>\n\n\t\t<\/div> \n\t<\/div> <\/div><\/div><\/div><\/div><\/div><\/div><div      class=\"vc_row wpb_row section vc_row-fluid  grid_section\" style=' text-align:left;'><div class=\"section_inner clearfix\"><div class='section_inner_margin clearfix'><div class=\"wpb_column vc_column_container vc_col-sm-12\"><div class=\"vc_column-inner\"><div class=\"wpb_wrapper\">\n\t<div class=\"wpb_text_column wpb_content_element  privacy-policy\">\n\t\t<div class=\"wpb_wrapper\">\n\t\t\t<h3><\/h3>\n<p>&nbsp;<\/p>\n<h3 style=\"text-align: center;\">Ahorrar dinero es una parte importante de la planificaci\u00f3n financiera, ya que le permite construir un colch\u00f3n financiero, alcanzar sus metas financieras y prepararse para gastos inesperados. Sin embargo, puede ser un desaf\u00edo ahorrar dinero y reducir los gastos, especialmente si est\u00e1 acostumbrado a cierto estilo de vida. En este art\u00edculo, le proporcionaremos 20 formas sencillas en las que puede reducir los gastos innecesarios en su vida cotidiana.<\/h3>\n<p>&nbsp;<\/p>\n<p>&nbsp;<\/p>\n<h2>1. Cocinar en casa<\/h2>\n<p>Cocinar en casa es una gran manera de ahorrar dinero en gastos de comida. A menudo es m\u00e1s barato comprar ingredientes y cocinar en casa que cenar fuera o pedir en casa.<\/p>\n<p>&nbsp;<\/p>\n\n\t\t<\/div> \n\t<\/div> <\/div><\/div><\/div><\/div><\/div><\/div><div      class=\"vc_row wpb_row section vc_row-fluid\" style=' text-align:left;'><div class=\"full_section_inner clearfix\"><div class=\"wpb_column vc_column_container vc_col-sm-12\"><div class=\"vc_column-inner\"><div class=\"wpb_wrapper\">\n\t<div class=\"wpb_single_image wpb_content_element vc_align_center\">\n\t\t<div class=\"wpb_wrapper\">\n\t\t\t\n\t\t\t<div class=\"vc_single_image-wrapper   vc_box_border_grey\"><img loading=\"lazy\" decoding=\"async\" class=\"vc_single_image-img\" src=\"https:\/\/sunshineloans.com\/wp-content\/uploads\/2023\/05\/pexels-august-de-richelieu-4259707-scaled-630x420.jpg\" width=\"630\" height=\"420\" alt=\"pexels-august-de-richelieu-4259707\" title=\"pexels-august-de-richelieu-4259707\" \/><\/div>\n\t\t<\/div>\n\t<\/div>\n<\/div><\/div><\/div><\/div><\/div><div      class=\"vc_row wpb_row section vc_row-fluid  grid_section\" style=' text-align:left;'><div class=\"section_inner clearfix\"><div class='section_inner_margin clearfix'><div class=\"wpb_column vc_column_container vc_col-sm-12\"><div class=\"vc_column-inner\"><div class=\"wpb_wrapper\">\n\t<div class=\"wpb_text_column wpb_content_element  privacy-policy\">\n\t\t<div class=\"wpb_wrapper\">\n\t\t\t<p>&nbsp;<\/p>\n<h2>2. Haz tu propio caf\u00e9<\/h2>\n<p>Si compra caf\u00e9 regularmente en cafeter\u00edas, traer su propio caf\u00e9 puede ayudarlo a ahorrar dinero. Considere invertir en una taza de caf\u00e9 reutilizable para llevar con usted mientras viaja<\/p>\n<h2>3. Cancelar suscripciones<\/h2>\n<p>Cancelar suscripciones como servicios de transmisi\u00f3n o revistas que no usa o necesita puede ayudarlo a ahorrar dinero en los gastos mensuales. Eche un vistazo a sus suscripciones y determine cu\u00e1les puede reducir.<\/p>\n<h2>4. Compra gen\u00e9ricos<\/h2>\n<p>Comprar art\u00edculos gen\u00e9ricos o de marca de la tienda puede ayudarlo a ahorrar dinero en comestibles y otros art\u00edculos esenciales. A menudo son tan buenos como los art\u00edculos de marca y cuestan menos.<\/p>\n<h2>5. Usa aplicaciones de devoluci\u00f3n de efectivo<\/h2>\n<p>Las aplicaciones de reembolso pueden ayudarlo a ahorrar dinero en compras que har\u00eda de todos modos. Echa un vistazo a aplicaciones como Ibotta, Rakuten o Honey para empezar a ganar dinero en efectivo con tus compras.<\/p>\n<h2>6. Reduzca las comidas fuera de casa<\/h2>\n<p>Salir a cenar suele ser m\u00e1s caro que cocinar en casa. Considere reducir la frecuencia con la que sale a cenar y, en su lugar, intente cocinar en casa.<\/p>\n<h2>7. Utiliza el transporte p\u00fablico<\/h2>\n<p>Si vive en un \u00e1rea con transporte p\u00fablico, considere usarlo en lugar de conducir para ahorrar dinero en gasolina y gastos de mantenimiento del autom\u00f3vil. Alternativamente, tambi\u00e9n puede andar en bicicleta o compartir el autom\u00f3vil con un amigo o compa\u00f1ero de trabajo.<\/p>\n<p>&nbsp;<\/p>\n\n\t\t<\/div> \n\t<\/div> <\/div><\/div><\/div><\/div><\/div><\/div><div      class=\"vc_row wpb_row section vc_row-fluid\" style=' text-align:left;'><div class=\"full_section_inner clearfix\"><div class=\"wpb_column vc_column_container vc_col-sm-12\"><div class=\"vc_column-inner\"><div class=\"wpb_wrapper\">\n\t<div class=\"wpb_single_image wpb_content_element vc_align_center\">\n\t\t<div class=\"wpb_wrapper\">\n\t\t\t\n\t\t\t<div class=\"vc_single_image-wrapper   vc_box_border_grey\"><img loading=\"lazy\" decoding=\"async\" class=\"vc_single_image-img\" src=\"https:\/\/sunshineloans.com\/wp-content\/uploads\/2023\/05\/pexels-andrea-piacquadio-3772538-scaled-630x420.jpg\" width=\"630\" height=\"420\" alt=\"pexels-andrea-piacquadio-3772538\" title=\"pexels-andrea-piacquadio-3772538\" \/><\/div>\n\t\t<\/div>\n\t<\/div>\n<\/div><\/div><\/div><\/div><\/div><div      class=\"vc_row wpb_row section vc_row-fluid  grid_section\" style=' text-align:left;'><div class=\"section_inner clearfix\"><div class='section_inner_margin clearfix'><div class=\"wpb_column vc_column_container vc_col-sm-12\"><div class=\"vc_column-inner\"><div class=\"wpb_wrapper\">\n\t<div class=\"wpb_text_column wpb_content_element  privacy-policy\">\n\t\t<div class=\"wpb_wrapper\">\n\t\t\t<p>&nbsp;<\/p>\n<h2>8. Compra al por mayor<\/h2>\n<p>Comprar art\u00edculos al por mayor puede ayudarlo a ahorrar dinero en comestibles y otros art\u00edculos esenciales. Solo aseg\u00farese de usar los art\u00edculos antes de que caduquen.<\/p>\n<h2>9. Utilice programas de recompensas<\/h2>\n<p>El uso de una tarjeta de cr\u00e9dito con recompensas puede ayudarlo a obtener reembolsos o puntos en sus compras. Solo aseg\u00farese de pagar su saldo en su totalidad cada mes para evitar cargos por intereses.<\/p>\n<h2>10. Usa cupones<\/h2>\n<p>El uso de cupones puede ayudarlo a ahorrar dinero en comestibles, art\u00edculos para el hogar y otros art\u00edculos esenciales. Visite los sitios web de cupones como Coupons.com o RetailMeNot para conocer ofertas y descuentos.<\/p>\n<h2>11. Upcycle y Vintage<\/h2>\n<p>Comprar en tiendas de segunda mano o en mercados de reventa en l\u00ednea puede ayudarlo a ahorrar dinero en ropa y otros art\u00edculos para el hogar. A menudo puede encontrar art\u00edculos en buenas condiciones por una fracci\u00f3n del costo de comprar nuevos, especialmente cuando se trata de art\u00edculos de alto precio, como muebles o productos electr\u00f3nicos; Solo aseg\u00farese de inspeccionar el art\u00edculo cuidadosamente antes de comprarlo.<\/p>\n<h2>12. Reducir el uso de energ\u00eda<\/h2>\n<p>Reducir su consumo de energ\u00eda puede ayudarlo a ahorrar dinero en las facturas de servicios p\u00fablicos. Apague las luces y los aparatos electr\u00f3nicos cuando no est\u00e9n en uso, use bombillas de bajo consumo y ajuste su termostato para ahorrar dinero en costos de calefacci\u00f3n y aire acondicionado.<\/p>\n<h2>13. Compare precios para ahorrar<\/h2>\n<p>Buscar ofertas puede ayudarlo a ahorrar dinero en los gastos mensuales. Un ejemplo es con el seguro: obtenga cotizaciones de m\u00faltiples proveedores y compare tarifas para encontrar la mejor oferta.<\/p>\n<h2>14. Reparaciones de bricolaje<\/h2>\n<p>En lugar de contratar a un profesional, considere la posibilidad de hacer reparaciones caseras o del autom\u00f3vil para ahorrar dinero en gastos de mantenimiento. Solo aseg\u00farese de tener las habilidades y herramientas necesarias antes de intentar una reparaci\u00f3n.<\/p>\n<p>&nbsp;<\/p>\n\n\t\t<\/div> \n\t<\/div> <\/div><\/div><\/div><\/div><\/div><\/div><div      class=\"vc_row wpb_row section vc_row-fluid\" style=' text-align:left;'><div class=\"full_section_inner clearfix\"><div class=\"wpb_column vc_column_container vc_col-sm-12\"><div class=\"vc_column-inner\"><div class=\"wpb_wrapper\">\n\t<div class=\"wpb_single_image wpb_content_element vc_align_center\">\n\t\t<div class=\"wpb_wrapper\">\n\t\t\t\n\t\t\t<div class=\"vc_single_image-wrapper   vc_box_border_grey\"><img loading=\"lazy\" decoding=\"async\" class=\"vc_single_image-img\" src=\"https:\/\/sunshineloans.com\/wp-content\/uploads\/2023\/05\/pexels-blue-bird-7218019-scaled-630x420.jpg\" width=\"630\" height=\"420\" alt=\"pexels-blue-bird-7218019\" title=\"pexels-blue-bird-7218019\" \/><\/div>\n\t\t<\/div>\n\t<\/div>\n<\/div><\/div><\/div><\/div><\/div><div      class=\"vc_row wpb_row section vc_row-fluid  grid_section\" style=' text-align:left;'><div class=\"section_inner clearfix\"><div class='section_inner_margin clearfix'><div class=\"wpb_column vc_column_container vc_col-sm-12\"><div class=\"vc_column-inner\"><div class=\"wpb_wrapper\">\n\t<div class=\"wpb_text_column wpb_content_element  privacy-policy\">\n\t\t<div class=\"wpb_wrapper\">\n\t\t\t<p>&nbsp;<\/p>\n<h2>15. Botellas de agua reutilizables<\/h2>\n<p>En lugar de comprar agua embotellada, considere usar un filtro de agua para ahorrar dinero en bebidas. Un filtro de agua puede ayudarlo a obtener agua potable limpia y segura por una fracci\u00f3n del costo del agua embotellada.<\/p>\n<h2>16. Evite las tiendas de conveniencia<\/h2>\n<p>Las tiendas de conveniencia a menudo cobran m\u00e1s por los art\u00edculos que las tiendas de comestibles o los grandes minoristas. Evite comprar en tiendas de conveniencia para ahorrar dinero en art\u00edculos esenciales para el d\u00eda a d\u00eda.<\/p>\n<h2>17. Reduzca el consumo de alcohol<\/h2>\n<p>Beber menos alcohol puede ayudarlo a ahorrar dinero al salir y comprar bebidas. Considere reducir el consumo de alcohol o cambiar a opciones m\u00e1s baratas como cerveza o vino de la casa.<\/p>\n<h2>18. Encuentra entretenimiento gratis<\/h2>\n<p>Hay muchas opciones de entretenimiento gratuitas, como visitar parques, asistir a eventos comunitarios o aprovechar las pruebas gratuitas de los servicios de transmisi\u00f3n. Tambi\u00e9n puede intentar visitar su biblioteca p\u00fablica local para obtener libros, pel\u00edculas y CD gratuitos. Busca opciones gratuitas para ahorrar.<\/p>\n<h2>19. Negociar facturas<\/h2>\n<p>No tenga miedo de negociar facturas como cable o internet. Llame a su proveedor y pregunte si hay promociones o descuentos disponibles. Es posible que pueda ahorrar dinero cambiando a un plan o proveedor m\u00e1s econ\u00f3mico.<\/p>\n<h2>20. Reparar en lugar de reemplazar<\/h2>\n<p>Reparar en lugar de reemplazar: en lugar de reemplazar elementos rotos, considere repararlos para ahorrar dinero. Las reparaciones simples, como reparar un desgarro en una prenda de vestir o reparar un grifo que gotea, se pueden hacer por una fracci\u00f3n del costo de comprar un art\u00edculo nuevo. Busque tutoriales en l\u00ednea o pida ayuda a amigos o familiares para aprender c\u00f3mo hacer reparaciones simples usted mismo.<\/p>\n<p>&nbsp;<\/p>\n\n\t\t<\/div> \n\t<\/div> <\/div><\/div><\/div><\/div><\/div><\/div><div      class=\"vc_row wpb_row section vc_row-fluid  grid_section\" style=' text-align:left;'><div class=\"section_inner clearfix\"><div class='section_inner_margin clearfix'><div class=\"wpb_column vc_column_container vc_col-sm-12\"><div class=\"vc_column-inner\"><div class=\"wpb_wrapper\">\t<div class=\"vc_empty_space\"  style=\"height: 100px\" ><span\n\t\t\tclass=\"vc_empty_space_inner\">\n\t\t\t<span class=\"empty_space_image\"  ><\/span>\n\t\t<\/span><\/div>\n\n<\/div><\/div><\/div><\/div><\/div><\/div><div      class=\"vc_row wpb_row section vc_row-fluid\" style=' text-align:left;'><div class=\"full_section_inner clearfix\"><div class=\"wpb_column vc_column_container vc_col-sm-12\"><div class=\"vc_column-inner\"><div class=\"wpb_wrapper\">\n\t<div class=\"wpb_text_column wpb_content_element  vc_custom_1683326581324\">\n\t\t<div class=\"wpb_wrapper\">\n\t\t\t<h6 style=\"font-weight: 200; text-align: left;\"><sub>EL CONTENIDO COMPARTIDO EN NUESTRA GU\u00cdA DE RECURSOS EST\u00c1 DESTINADO \u00daNICAMENTE A FINES INFORMATIVOS GENERALES. SI BIEN NOS ESFORZAMOS POR PROPORCIONAR INFORMACI\u00d3N PRECISA Y CONFIABLE, NO HACEMOS NING\u00daN RECLAMO O PROMESA EXPRESA O IMPL\u00cdCITA SOBRE SU EFECTIVIDAD, IDONEIDAD O APLICABILIDAD A SUS CIRCUNSTANCIAS FINANCIERAS ESPEC\u00cdFICAS. ES IMPORTANTE EVALUAR CUIDADOSAMENTE SU PROPIA SITUACI\u00d3N PERSONAL Y FINANCIERA O BUSCAR EL CONSEJO DE UN PROFESIONAL FINANCIERO CALIFICADO ANTES DE TOMAR CUALQUIER DECISI\u00d3N FINANCIERA.<\/sub><\/h6>\n\n\t\t<\/div> \n\t<\/div> <\/div><\/div><\/div><\/div><\/div>","protected":false},"excerpt":{"rendered":"Cut Costs &amp; Save &nbsp; Saving money is an important part of financial planning, as it allows you to build a financial cushion, achieve your financial goals, and prepare for unexpected expenses. However, it can be challenging to save money and cut back on spending,...","protected":false},"author":2,"featured_media":0,"parent":0,"menu_order":0,"comment_status":"closed","ping_status":"closed","template":"","meta":{"footnotes":""},"class_list":["post-1671","page","type-page","status-publish","hentry"],"yoast_head":"<!-- This site is optimized with the Yoast SEO plugin v16.7 - https:\/\/yoast.com\/wordpress\/plugins\/seo\/ -->\n<meta name=\"robots\" content=\"index, follow, max-snippet:-1, max-image-preview:large, max-video-preview:-1\" \/>\n<link rel=\"canonical\" href=\"https:\/\/sunshineloans.com\/es\/resources-cut-costs-save\/\" \/>\n<meta property=\"og:locale\" content=\"es_MX\" \/>\n<meta property=\"og:type\" content=\"article\" \/>\n<meta property=\"og:title\" content=\"Sunshine Loans - Resources - Cut Costs &amp; Save\" \/>\n<meta property=\"og:url\" content=\"https:\/\/sunshineloans.com\/es\/resources-cut-costs-save\/\" \/>\n<meta property=\"og:site_name\" content=\"sunshine\" \/>\n<meta property=\"article:modified_time\" content=\"2023-05-05T22:43:14+00:00\" \/>\n<meta name=\"twitter:card\" content=\"summary_large_image\" \/>\n<meta name=\"twitter:label1\" content=\"Tiempo de lectura\" \/>\n\t<meta name=\"twitter:data1\" content=\"5 minutos\" \/>\n<script type=\"application\/ld+json\" class=\"yoast-schema-graph\">{\"@context\":\"https:\/\/schema.org\",\"@graph\":[{\"@type\":\"WebSite\",\"@id\":\"https:\/\/sunshineloans.com\/#website\",\"url\":\"https:\/\/sunshineloans.com\/\",\"name\":\"sunshine\",\"description\":\"sunshineloans\",\"potentialAction\":[{\"@type\":\"SearchAction\",\"target\":{\"@type\":\"EntryPoint\",\"urlTemplate\":\"https:\/\/sunshineloans.com\/?s={search_term_string}\"},\"query-input\":\"required name=search_term_string\"}],\"inLanguage\":\"es-MX\"},{\"@type\":\"WebPage\",\"@id\":\"https:\/\/sunshineloans.com\/resources-cut-costs-save\/#webpage\",\"url\":\"https:\/\/sunshineloans.com\/resources-cut-costs-save\/\",\"name\":\"Sunshine Loans - Resources - Cut Costs & Save\",\"isPartOf\":{\"@id\":\"https:\/\/sunshineloans.com\/#website\"},\"datePublished\":\"2023-05-03T22:41:58+00:00\",\"dateModified\":\"2023-05-05T22:43:14+00:00\",\"breadcrumb\":{\"@id\":\"https:\/\/sunshineloans.com\/resources-cut-costs-save\/#breadcrumb\"},\"inLanguage\":\"es-MX\",\"potentialAction\":[{\"@type\":\"ReadAction\",\"target\":[\"https:\/\/sunshineloans.com\/resources-cut-costs-save\/\"]}]},{\"@type\":\"BreadcrumbList\",\"@id\":\"https:\/\/sunshineloans.com\/resources-cut-costs-save\/#breadcrumb\",\"itemListElement\":[{\"@type\":\"ListItem\",\"position\":1,\"name\":\"Home\",\"item\":\"https:\/\/sunshineloans.com\/\"},{\"@type\":\"ListItem\",\"position\":2,\"name\":\"Resources &#8211; Cut Costs &#038; Save\"}]}]}<\/script>\n<!-- \/ Yoast SEO plugin. -->","yoast_head_json":{"robots":{"index":"index","follow":"follow","max-snippet":"max-snippet:-1","max-image-preview":"max-image-preview:large","max-video-preview":"max-video-preview:-1"},"canonical":"https:\/\/sunshineloans.com\/es\/resources-cut-costs-save\/","og_locale":"es_MX","og_type":"article","og_title":"Sunshine Loans - Resources - Cut Costs & Save","og_url":"https:\/\/sunshineloans.com\/es\/resources-cut-costs-save\/","og_site_name":"sunshine","article_modified_time":"2023-05-05T22:43:14+00:00","twitter_card":"summary_large_image","twitter_misc":{"Tiempo de lectura":"5 minutos"},"schema":{"@context":"https:\/\/schema.org","@graph":[{"@type":"WebSite","@id":"https:\/\/sunshineloans.com\/#website","url":"https:\/\/sunshineloans.com\/","name":"sunshine","description":"sunshineloans","potentialAction":[{"@type":"SearchAction","target":{"@type":"EntryPoint","urlTemplate":"https:\/\/sunshineloans.com\/?s={search_term_string}"},"query-input":"required name=search_term_string"}],"inLanguage":"es-MX"},{"@type":"WebPage","@id":"https:\/\/sunshineloans.com\/resources-cut-costs-save\/#webpage","url":"https:\/\/sunshineloans.com\/resources-cut-costs-save\/","name":"Sunshine Loans - Resources - Cut Costs & Save","isPartOf":{"@id":"https:\/\/sunshineloans.com\/#website"},"datePublished":"2023-05-03T22:41:58+00:00","dateModified":"2023-05-05T22:43:14+00:00","breadcrumb":{"@id":"https:\/\/sunshineloans.com\/resources-cut-costs-save\/#breadcrumb"},"inLanguage":"es-MX","potentialAction":[{"@type":"ReadAction","target":["https:\/\/sunshineloans.com\/resources-cut-costs-save\/"]}]},{"@type":"BreadcrumbList","@id":"https:\/\/sunshineloans.com\/resources-cut-costs-save\/#breadcrumb","itemListElement":[{"@type":"ListItem","position":1,"name":"Home","item":"https:\/\/sunshineloans.com\/"},{"@type":"ListItem","position":2,"name":"Resources &#8211; Cut Costs &#038; Save"}]}]}},"_links":{"self":[{"href":"https:\/\/sunshineloans.com\/es\/wp-json\/wp\/v2\/pages\/1671","targetHints":{"allow":["GET"]}}],"collection":[{"href":"https:\/\/sunshineloans.com\/es\/wp-json\/wp\/v2\/pages"}],"about":[{"href":"https:\/\/sunshineloans.com\/es\/wp-json\/wp\/v2\/types\/page"}],"author":[{"embeddable":true,"href":"https:\/\/sunshineloans.com\/es\/wp-json\/wp\/v2\/users\/2"}],"replies":[{"embeddable":true,"href":"https:\/\/sunshineloans.com\/es\/wp-json\/wp\/v2\/comments?post=1671"}],"version-history":[{"count":0,"href":"https:\/\/sunshineloans.com\/es\/wp-json\/wp\/v2\/pages\/1671\/revisions"}],"wp:attachment":[{"href":"https:\/\/sunshineloans.com\/es\/wp-json\/wp\/v2\/media?parent=1671"}],"curies":[{"name":"wp","href":"https:\/\/api.w.org\/{rel}","templated":true}]}}