{"id":1669,"date":"2023-05-03T22:38:52","date_gmt":"2023-05-03T22:38:52","guid":{"rendered":"https:\/\/sunshineloans.com\/?page_id=1669"},"modified":"2023-05-05T22:42:30","modified_gmt":"2023-05-05T22:42:30","slug":"resources-create-a-budget","status":"publish","type":"page","link":"https:\/\/sunshineloans.com\/es\/resources-create-a-budget\/","title":{"rendered":"Resources &#8211; Create A Budget"},"content":{"rendered":"<div id=\"Inner-page-head\"     class=\"vc_row wpb_row section vc_row-fluid  grid_section\" style='background-color:#d7ecef; text-align:left;'><div class=\"section_inner clearfix\"><div class='section_inner_margin clearfix'><div class=\"wpb_column vc_column_container vc_col-sm-12\"><div class=\"vc_column-inner\"><div class=\"wpb_wrapper\">\n\t<div class=\"wpb_text_column wpb_content_element\">\n\t\t<div class=\"wpb_wrapper\">\n\t\t\t<h2 style=\"text-align: center;\">Crear un presupuesto<\/h2>\n\n\t\t<\/div> \n\t<\/div> <\/div><\/div><\/div><\/div><\/div><\/div><div      class=\"vc_row wpb_row section vc_row-fluid  grid_section\" style=' text-align:left;'><div class=\"section_inner clearfix\"><div class='section_inner_margin clearfix'><div class=\"wpb_column vc_column_container vc_col-sm-12\"><div class=\"vc_column-inner\"><div class=\"wpb_wrapper\">\n\t<div class=\"wpb_text_column wpb_content_element  privacy-policy\">\n\t\t<div class=\"wpb_wrapper\">\n\t\t\t<p>&nbsp;<\/p>\n<h3 style=\"text-align: center;\">Crear un presupuesto es un paso esencial para lograr la estabilidad y la libertad financiera. Un presupuesto bien elaborado puede ayudarlo a identificar \u00e1reas en las que est\u00e1 gastando de m\u00e1s y permitirle asignar fondos para lograr sus objetivos financieros. Le proporcionaremos una gu\u00eda paso a paso para crear un presupuesto que funcione para usted y recursos adicionales para ayudarlo en el proceso.<\/h3>\n<p>&nbsp;<\/p>\n<p>&nbsp;<\/p>\n<p>&nbsp;<\/p>\n<h2>Paso 1: determina tus ingresos<\/h2>\n<p>El primer paso para crear un presupuesto es determinar sus ingresos. Esto incluye todas las fuentes de ingresos, incluido su salario, actividades secundarias e ingresos por inversiones. Si tiene un cheque de pago constante, puede calcular su ingreso mensual multiplicando su salario neto por la cantidad de cheques de pago que recibe por mes. Si trabaja por cuenta propia o tiene ingresos variables, deber\u00e1 calcular su ingreso mensual promedio durante los \u00faltimos meses. Aseg\u00farese de incluir cualquier fuente irregular de ingresos, como bonos o reembolsos de impuestos.<\/p>\n<h2>Paso 2: Identifica tus gastos<\/h2>\n<p>A continuaci\u00f3n, deber\u00e1 identificar sus gastos. Esto incluye todas sus facturas mensuales, como alquiler\/hipoteca, servicios p\u00fablicos, seguros, comestibles, transporte y cualquier otro gasto fijo. Tambi\u00e9n deber\u00e1 tener en cuenta los gastos variables, como restaurantes, entretenimiento, compras no esenciales y otros gastos discrecionales. Aseg\u00farese de realizar un seguimiento de todos sus gastos durante al menos un mes para obtener una imagen precisa de a d\u00f3nde va su dinero.<\/p>\n<h2>Paso 3: Categorice sus gastos<\/h2>\n<p>Una vez que tenga una lista completa de sus gastos, es hora de categorizarlos. Las categor\u00edas m\u00e1s comunes son vivienda, transporte, alimentos, servicios p\u00fablicos, pago de deudas y gastos discrecionales. Puede crear subcategor\u00edas dentro de cada categor\u00eda para obtener una imagen m\u00e1s detallada de sus h\u00e1bitos de gasto.<\/p>\n\n\t\t<\/div> \n\t<\/div> <\/div><\/div><\/div><\/div><\/div><\/div><div      class=\"vc_row wpb_row section vc_row-fluid\" style=' text-align:left;'><div class=\"full_section_inner clearfix\"><div class=\"wpb_column vc_column_container vc_col-sm-6\"><div class=\"vc_column-inner\"><div class=\"wpb_wrapper\">\n\t<div class=\"wpb_single_image wpb_content_element vc_align_right\">\n\t\t<div class=\"wpb_wrapper\">\n\t\t\t\n\t\t\t<div class=\"vc_single_image-wrapper   vc_box_border_grey\"><img loading=\"lazy\" decoding=\"async\" class=\"vc_single_image-img\" src=\"https:\/\/sunshineloans.com\/wp-content\/uploads\/2023\/05\/pexels-jack-sparrow-4198970-scaled-420x280.jpg\" width=\"420\" height=\"280\" alt=\"??????????????????????????????????????????????????????????????????????????????????????????????????????\" title=\"pexels-jack-sparrow-4198970\" \/><\/div>\n\t\t<\/div>\n\t<\/div>\n<\/div><\/div><\/div><div class=\"wpb_column vc_column_container vc_col-sm-6\"><div class=\"vc_column-inner\"><div class=\"wpb_wrapper\">\n\t<div class=\"wpb_single_image wpb_content_element vc_align_left\">\n\t\t<div class=\"wpb_wrapper\">\n\t\t\t\n\t\t\t<div class=\"vc_single_image-wrapper   vc_box_border_grey\"><img loading=\"lazy\" decoding=\"async\" class=\"vc_single_image-img\" src=\"https:\/\/sunshineloans.com\/wp-content\/uploads\/2023\/05\/pexels-tamuka-xulu-12982986-scaled-420x280.jpg\" width=\"420\" height=\"280\" alt=\"\" title=\"\" \/><\/div>\n\t\t<\/div>\n\t<\/div>\n<\/div><\/div><\/div><\/div><\/div><div      class=\"vc_row wpb_row section vc_row-fluid  grid_section\" style=' text-align:left;'><div class=\"section_inner clearfix\"><div class='section_inner_margin clearfix'><div class=\"wpb_column vc_column_container vc_col-sm-12\"><div class=\"vc_column-inner\"><div class=\"wpb_wrapper\">\n\t<div class=\"wpb_text_column wpb_content_element  privacy-policy\">\n\t\t<div class=\"wpb_wrapper\">\n\t\t\t<p>&nbsp;<\/p>\n<h2>Paso 4: establece tus metas<\/h2>\n<p>Una vez que haya identificado sus ingresos y gastos, es hora de establecer sus metas financieras. Sus objetivos pueden ser a corto plazo, como pagar la deuda de la tarjeta de cr\u00e9dito o ahorrar para unas vacaciones, o a largo plazo, como ahorrar para la jubilaci\u00f3n o comprar una casa. Aseg\u00farese de que sus objetivos sean realistas y alcanzables, e incl\u00fayalos en su presupuesto.<\/p>\n<h2>Paso 5: Cree su presupuesto<\/h2>\n<p>Ahora que tiene toda la informaci\u00f3n necesaria, es hora de crear su presupuesto. Comience restando sus gastos totales de sus ingresos. Si tiene un super\u00e1vit, puede asignar esos fondos para lograr sus objetivos financieros, como pagar deudas o crear una cuenta de ahorros. Si tiene un d\u00e9ficit, deber\u00e1 hacer ajustes en sus h\u00e1bitos de gasto para mantenerse dentro de su presupuesto y evitar deudas.<\/p>\n<p>&nbsp;<\/p>\n\n\t\t<\/div> \n\t<\/div> <\/div><\/div><\/div><\/div><\/div><\/div><div      class=\"vc_row wpb_row section vc_row-fluid\" style=' text-align:left;'><div class=\"full_section_inner clearfix\"><div class=\"wpb_column vc_column_container vc_col-sm-12\"><div class=\"vc_column-inner\"><div class=\"wpb_wrapper\">\n\t<div class=\"wpb_single_image wpb_content_element vc_align_center\">\n\t\t<div class=\"wpb_wrapper\">\n\t\t\t\n\t\t\t<div class=\"vc_single_image-wrapper   vc_box_border_grey\"><img loading=\"lazy\" decoding=\"async\" class=\"vc_single_image-img\" src=\"https:\/\/sunshineloans.com\/wp-content\/uploads\/2023\/05\/pexels-tima-miroshnichenko-6693661-scaled-630x420.jpg\" width=\"630\" height=\"420\" alt=\"\" title=\"\" \/><\/div>\n\t\t<\/div>\n\t<\/div>\n<\/div><\/div><\/div><\/div><\/div><div      class=\"vc_row wpb_row section vc_row-fluid  grid_section\" style=' text-align:left;'><div class=\"section_inner clearfix\"><div class='section_inner_margin clearfix'><div class=\"wpb_column vc_column_container vc_col-sm-12\"><div class=\"vc_column-inner\"><div class=\"wpb_wrapper\">\n\t<div class=\"wpb_text_column wpb_content_element  privacy-policy\">\n\t\t<div class=\"wpb_wrapper\">\n\t\t\t<h2>Paso 6: Seguimiento de su progreso<\/h2>\n<p>Una vez que haya creado su presupuesto, es esencial realizar un seguimiento de su progreso con regularidad. Esto lo ayudar\u00e1 a mantenerse encaminado hacia el logro de sus metas financieras y hacer los ajustes necesarios. Hay varias aplicaciones de presupuesto disponibles que pueden ayudarlo a realizar un seguimiento de sus gastos y monitorear su progreso. Algunas opciones populares incluyen Mint, YNAB y Personal Capital.<\/p>\n<p>&nbsp;<\/p>\n<h3 style=\"text-align: center;\">En conclusi\u00f3n, crear un presupuesto es un paso esencial para lograr la estabilidad y la libertad financiera. Siguiendo estos seis pasos, puede crear un presupuesto que funcione para usted y su estilo de vida. Recuerde, es crucial ser honesto consigo mismo acerca de sus h\u00e1bitos de gasto y hacer los ajustes necesarios. Con dedicaci\u00f3n y disciplina, puede alcanzar sus metas financieras y vivir la vida que siempre ha so\u00f1ado.<\/h3>\n<h2><\/h2>\n<h2><\/h2>\n<h2><\/h2>\n<p>Referencias:<\/p>\n<ul>\n<li>&#8220;The Ultimate Guide to Budgeting&#8221; by Dave Ramsey (https:\/\/www.daveramsey.com\/blog\/the-ultimate-guide-to-budgeting)<\/li>\n<li>&#8220;How to Create a Budget: A Step-by-Step Guide&#8221; by NerdWallet (https:\/\/www.nerdwallet.com\/article\/finance\/how-to-build-a-budget)<\/li>\n<li>&#8220;Budgeting 101: How to Create a Budget&#8221; by The Balance (https:\/\/www.thebalance.com\/how-to-create-a-budget-128958<\/li>\n<\/ul>\n\n\t\t<\/div> \n\t<\/div> <\/div><\/div><\/div><\/div><\/div><\/div><div      class=\"vc_row wpb_row section vc_row-fluid\" style=' text-align:left;'><div class=\"full_section_inner clearfix\"><div class=\"wpb_column vc_column_container vc_col-sm-12\"><div class=\"vc_column-inner\"><div class=\"wpb_wrapper\">\t<div class=\"vc_empty_space\"  style=\"height: 100px\" ><span\n\t\t\tclass=\"vc_empty_space_inner\">\n\t\t\t<span class=\"empty_space_image\"  ><\/span>\n\t\t<\/span><\/div>\n\n<\/div><\/div><\/div><\/div><\/div><div      class=\"vc_row wpb_row section vc_row-fluid\" style=' text-align:left;'><div class=\"full_section_inner clearfix\"><div class=\"wpb_column vc_column_container vc_col-sm-12\"><div class=\"vc_column-inner\"><div class=\"wpb_wrapper\">\n\t<div class=\"wpb_text_column wpb_content_element  vc_custom_1683326536503\">\n\t\t<div class=\"wpb_wrapper\">\n\t\t\t<h6 style=\"font-weight: 200; text-align: left;\"><sub>EL CONTENIDO COMPARTIDO EN NUESTRA GU\u00cdA DE RECURSOS EST\u00c1 DESTINADO \u00daNICAMENTE A FINES INFORMATIVOS GENERALES. SI BIEN NOS ESFORZAMOS POR PROPORCIONAR INFORMACI\u00d3N PRECISA Y CONFIABLE, NO HACEMOS NING\u00daN RECLAMO O PROMESA EXPRESA O IMPL\u00cdCITA SOBRE SU EFECTIVIDAD, IDONEIDAD O APLICABILIDAD A SUS CIRCUNSTANCIAS FINANCIERAS ESPEC\u00cdFICAS. ES IMPORTANTE EVALUAR CUIDADOSAMENTE SU PROPIA SITUACI\u00d3N PERSONAL Y FINANCIERA O BUSCAR EL CONSEJO DE UN PROFESIONAL FINANCIERO CALIFICADO ANTES DE TOMAR CUALQUIER DECISI\u00d3N FINANCIERA.<\/sub><\/h6>\n\n\t\t<\/div> \n\t<\/div> <\/div><\/div><\/div><\/div><\/div>","protected":false},"excerpt":{"rendered":"Create A Budget &nbsp; Creating a budget is an essential step towards achieving financial stability and freedom. A well-crafted budget can help you identify areas where you're overspending and allow you to allocate funds towards achieving your financial goals. We'll provide you with a step-by-step...","protected":false},"author":2,"featured_media":0,"parent":0,"menu_order":0,"comment_status":"closed","ping_status":"closed","template":"","meta":{"footnotes":""},"class_list":["post-1669","page","type-page","status-publish","hentry"],"yoast_head":"<!-- This site is optimized with the Yoast SEO plugin v16.7 - https:\/\/yoast.com\/wordpress\/plugins\/seo\/ -->\n<meta name=\"robots\" content=\"index, follow, max-snippet:-1, max-image-preview:large, max-video-preview:-1\" \/>\n<link rel=\"canonical\" href=\"https:\/\/sunshineloans.com\/es\/resources-create-a-budget\/\" \/>\n<meta property=\"og:locale\" content=\"es_MX\" \/>\n<meta property=\"og:type\" content=\"article\" \/>\n<meta property=\"og:title\" content=\"Sunshine Loans - Resources - Create A Budget\" \/>\n<meta property=\"og:url\" content=\"https:\/\/sunshineloans.com\/es\/resources-create-a-budget\/\" \/>\n<meta property=\"og:site_name\" content=\"sunshine\" \/>\n<meta property=\"article:modified_time\" content=\"2023-05-05T22:42:30+00:00\" \/>\n<meta name=\"twitter:card\" content=\"summary_large_image\" \/>\n<meta name=\"twitter:label1\" content=\"Tiempo de lectura\" \/>\n\t<meta name=\"twitter:data1\" content=\"4 minutos\" \/>\n<script type=\"application\/ld+json\" class=\"yoast-schema-graph\">{\"@context\":\"https:\/\/schema.org\",\"@graph\":[{\"@type\":\"WebSite\",\"@id\":\"https:\/\/sunshineloans.com\/#website\",\"url\":\"https:\/\/sunshineloans.com\/\",\"name\":\"sunshine\",\"description\":\"sunshineloans\",\"potentialAction\":[{\"@type\":\"SearchAction\",\"target\":{\"@type\":\"EntryPoint\",\"urlTemplate\":\"https:\/\/sunshineloans.com\/?s={search_term_string}\"},\"query-input\":\"required name=search_term_string\"}],\"inLanguage\":\"es-MX\"},{\"@type\":\"WebPage\",\"@id\":\"https:\/\/sunshineloans.com\/resources-create-a-budget\/#webpage\",\"url\":\"https:\/\/sunshineloans.com\/resources-create-a-budget\/\",\"name\":\"Sunshine Loans - Resources - Create A Budget\",\"isPartOf\":{\"@id\":\"https:\/\/sunshineloans.com\/#website\"},\"datePublished\":\"2023-05-03T22:38:52+00:00\",\"dateModified\":\"2023-05-05T22:42:30+00:00\",\"breadcrumb\":{\"@id\":\"https:\/\/sunshineloans.com\/resources-create-a-budget\/#breadcrumb\"},\"inLanguage\":\"es-MX\",\"potentialAction\":[{\"@type\":\"ReadAction\",\"target\":[\"https:\/\/sunshineloans.com\/resources-create-a-budget\/\"]}]},{\"@type\":\"BreadcrumbList\",\"@id\":\"https:\/\/sunshineloans.com\/resources-create-a-budget\/#breadcrumb\",\"itemListElement\":[{\"@type\":\"ListItem\",\"position\":1,\"name\":\"Home\",\"item\":\"https:\/\/sunshineloans.com\/\"},{\"@type\":\"ListItem\",\"position\":2,\"name\":\"Resources &#8211; Create A Budget\"}]}]}<\/script>\n<!-- \/ Yoast SEO plugin. -->","yoast_head_json":{"robots":{"index":"index","follow":"follow","max-snippet":"max-snippet:-1","max-image-preview":"max-image-preview:large","max-video-preview":"max-video-preview:-1"},"canonical":"https:\/\/sunshineloans.com\/es\/resources-create-a-budget\/","og_locale":"es_MX","og_type":"article","og_title":"Sunshine Loans - Resources - Create A Budget","og_url":"https:\/\/sunshineloans.com\/es\/resources-create-a-budget\/","og_site_name":"sunshine","article_modified_time":"2023-05-05T22:42:30+00:00","twitter_card":"summary_large_image","twitter_misc":{"Tiempo de lectura":"4 minutos"},"schema":{"@context":"https:\/\/schema.org","@graph":[{"@type":"WebSite","@id":"https:\/\/sunshineloans.com\/#website","url":"https:\/\/sunshineloans.com\/","name":"sunshine","description":"sunshineloans","potentialAction":[{"@type":"SearchAction","target":{"@type":"EntryPoint","urlTemplate":"https:\/\/sunshineloans.com\/?s={search_term_string}"},"query-input":"required name=search_term_string"}],"inLanguage":"es-MX"},{"@type":"WebPage","@id":"https:\/\/sunshineloans.com\/resources-create-a-budget\/#webpage","url":"https:\/\/sunshineloans.com\/resources-create-a-budget\/","name":"Sunshine Loans - Resources - Create A Budget","isPartOf":{"@id":"https:\/\/sunshineloans.com\/#website"},"datePublished":"2023-05-03T22:38:52+00:00","dateModified":"2023-05-05T22:42:30+00:00","breadcrumb":{"@id":"https:\/\/sunshineloans.com\/resources-create-a-budget\/#breadcrumb"},"inLanguage":"es-MX","potentialAction":[{"@type":"ReadAction","target":["https:\/\/sunshineloans.com\/resources-create-a-budget\/"]}]},{"@type":"BreadcrumbList","@id":"https:\/\/sunshineloans.com\/resources-create-a-budget\/#breadcrumb","itemListElement":[{"@type":"ListItem","position":1,"name":"Home","item":"https:\/\/sunshineloans.com\/"},{"@type":"ListItem","position":2,"name":"Resources &#8211; Create A Budget"}]}]}},"_links":{"self":[{"href":"https:\/\/sunshineloans.com\/es\/wp-json\/wp\/v2\/pages\/1669","targetHints":{"allow":["GET"]}}],"collection":[{"href":"https:\/\/sunshineloans.com\/es\/wp-json\/wp\/v2\/pages"}],"about":[{"href":"https:\/\/sunshineloans.com\/es\/wp-json\/wp\/v2\/types\/page"}],"author":[{"embeddable":true,"href":"https:\/\/sunshineloans.com\/es\/wp-json\/wp\/v2\/users\/2"}],"replies":[{"embeddable":true,"href":"https:\/\/sunshineloans.com\/es\/wp-json\/wp\/v2\/comments?post=1669"}],"version-history":[{"count":0,"href":"https:\/\/sunshineloans.com\/es\/wp-json\/wp\/v2\/pages\/1669\/revisions"}],"wp:attachment":[{"href":"https:\/\/sunshineloans.com\/es\/wp-json\/wp\/v2\/media?parent=1669"}],"curies":[{"name":"wp","href":"https:\/\/api.w.org\/{rel}","templated":true}]}}