{"id":1664,"date":"2023-05-03T22:36:15","date_gmt":"2023-05-03T22:36:15","guid":{"rendered":"https:\/\/sunshineloans.com\/?page_id=1664"},"modified":"2023-05-05T22:41:36","modified_gmt":"2023-05-05T22:41:36","slug":"resources-become-debt-free","status":"publish","type":"page","link":"https:\/\/sunshineloans.com\/es\/resources-become-debt-free\/","title":{"rendered":"Resources &#8211; Become Debt-Free"},"content":{"rendered":"<div id=\"Inner-page-head\"     class=\"vc_row wpb_row section vc_row-fluid  grid_section\" style='background-color:#d7ecef; text-align:left;'><div class=\"section_inner clearfix\"><div class='section_inner_margin clearfix'><div class=\"wpb_column vc_column_container vc_col-sm-12\"><div class=\"vc_column-inner\"><div class=\"wpb_wrapper\">\n\t<div class=\"wpb_text_column wpb_content_element\">\n\t\t<div class=\"wpb_wrapper\">\n\t\t\t<h2 style=\"text-align: center;\">Convi\u00e9rtase en libre de deudas<\/h2>\n\n\t\t<\/div> \n\t<\/div> <\/div><\/div><\/div><\/div><\/div><\/div><div      class=\"vc_row wpb_row section vc_row-fluid  grid_section\" style=' text-align:left;'><div class=\"section_inner clearfix\"><div class='section_inner_margin clearfix'><div class=\"wpb_column vc_column_container vc_col-sm-12\"><div class=\"vc_column-inner\"><div class=\"wpb_wrapper\">\n\t<div class=\"wpb_text_column wpb_content_element  privacy-policy\">\n\t\t<div class=\"wpb_wrapper\">\n\t\t\t<h3><\/h3>\n<p>&nbsp;<\/p>\n<h3 style=\"text-align: center;\">Administrar el dinero y reducir las deudas puede ser dif\u00edcil y una causa de estr\u00e9s y ansiedad para muchas personas. Hemos recopilado algunos pasos que puede seguir para reducir su deuda y alcanzar sus objetivos financieros.<\/h3>\n<p>&nbsp;<\/p>\n<p>&nbsp;<\/p>\n<h2>1. Crea un presupuesto<\/h2>\n<p>El primer paso y el m\u00e1s esencial para reducir la deuda y alcanzar sus metas financieras es crear un presupuesto y ce\u00f1irse a \u00e9l. Comience enumerando todas sus fuentes de ingresos, incluidos su salario, beneficios, dividendos y todas las dem\u00e1s fuentes de ingresos consistentes, aseg\u00farese de anotar cu\u00e1nto y con qu\u00e9 frecuencia recibe estos fondos. Despu\u00e9s de enumerar sus ingresos, es hora de enumerar sus gastos, esto incluye todo, desde alquiler\/hipoteca y transporte hasta peque\u00f1as compras diarias; es importante ser lo m\u00e1s preciso posible, as\u00ed que t\u00f3mese su tiempo.<\/p>\n<p>Una vez que haya enumerado los ingresos y los gastos, reste sus gastos de sus ingresos para determinar cu\u00e1nto queda para ahorrar y pagar deudas. Si bien no es necesario, a muchas personas les resulta m\u00e1s f\u00e1cil realizar un seguimiento de los gastos diarios y ajustarse a su presupuesto con la ayuda de las aplicaciones gratuitas disponibles para tel\u00e9fonos m\u00f3viles y computadoras.<\/p>\n<h2><\/h2>\n\n\t\t<\/div> \n\t<\/div> <\/div><\/div><\/div><\/div><\/div><\/div><div      class=\"vc_row wpb_row section vc_row-fluid\" style=' text-align:left;'><div class=\"full_section_inner clearfix\"><div class=\"wpb_column vc_column_container vc_col-sm-12\"><div class=\"vc_column-inner\"><div class=\"wpb_wrapper\">\n\t<div class=\"wpb_single_image wpb_content_element vc_align_center\">\n\t\t<div class=\"wpb_wrapper\">\n\t\t\t\n\t\t\t<div class=\"vc_single_image-wrapper   vc_box_border_grey\"><img loading=\"lazy\" decoding=\"async\" class=\"vc_single_image-img\" src=\"https:\/\/sunshineloans.com\/wp-content\/uploads\/2023\/05\/pexels-karolina-grabowska-4386339-scaled-630x420.jpg\" width=\"630\" height=\"420\" alt=\"Financial Planning\" title=\"\" \/><\/div>\n\t\t<\/div>\n\t<\/div>\n<\/div><\/div><\/div><\/div><\/div><div      class=\"vc_row wpb_row section vc_row-fluid  grid_section\" style=' text-align:left;'><div class=\"section_inner clearfix\"><div class='section_inner_margin clearfix'><div class=\"wpb_column vc_column_container vc_col-sm-12\"><div class=\"vc_column-inner\"><div class=\"wpb_wrapper\">\n\t<div class=\"wpb_text_column wpb_content_element  privacy-policy\">\n\t\t<div class=\"wpb_wrapper\">\n\t\t\t<h2><\/h2>\n<h2>2. Evite gastos innecesarios<\/h2>\n<p>Evitar los gastos no esenciales es clave para ce\u00f1irse a su presupuesto y mantenerse libre de deudas. Una vez que haya creado un presupuesto, vea qu\u00e9 gastos puede reducir o eliminar, como reducir el entretenimiento, las compras y salir a cenar. Esto tambi\u00e9n puede incluir la reducci\u00f3n de personal, como mudarse a viviendas m\u00e1s asequibles o utilizar el transporte p\u00fablico en lugar de conducir. Al reducir sus gastos, tendr\u00e1 m\u00e1s dinero para ahorrar y reducir deudas.<\/p>\n<h2><\/h2>\n<h2>3. Pagar deudas<\/h2>\n<p>Un paso clave para alcanzar sus metas financieras es pagar sus deudas. En t\u00e9rminos generales, cuanto m\u00e1s tiempo tenga deudas, m\u00e1s pagos de intereses se acumular\u00e1n, lo que generar\u00e1 m\u00e1s dificultades financieras. Una de las deudas m\u00e1s comunes entre los consumidores es la deuda de tarjetas de cr\u00e9dito; Si bien las tarjetas de cr\u00e9dito pueden ser una forma de pago r\u00e1pida y conveniente, los intereses pueden acumularse r\u00e1pidamente y volverse inmanejables, por lo que se recomienda usar efectivo o tarjetas de d\u00e9bito cuando sea posible para evitar acumular intereses y deudas.<\/p>\n<p>There are a couple of common methods for managing and reducing debt, and it&#8217;s important to find one that works for you. One method people use to manage debt is to start by paying off and eliminating the smallest debts first and working up to larger debts, this can simplify the process and help maintain motivation as you complete each successive debt. Another method is to work from the top down, eliminating the largest debt with the highest interest first, then working your way down to smaller and smaller debts until you&#8217;re complete. There is no one method that is right for everyone and if you&#8217;re not sure which strategy to use in paying off your debt, professional financial managers can be a helpful resource to find the right solution for your situation.<\/p>\n<p>&nbsp;<\/p>\n<h2>4. Seek Professional Help if Needed<\/h2>\n<p>While it isn&#8217;t a requirement, it can sometimes be helpful to get a professional opinion to plan and achieve your financial goals. Professional financial advisors generally work one-on-one with clients to create a plan to managing your finances, suggest tools or other resources such as investments, insurance, and expense trackers to help accomplish those goals, and provide insight into avoiding future debt.\u00a0 While there are professional financial advisors you can hire, many banks, schools and towns offer free financial advisor support, so look around for one that fits your budget.<\/p>\n\n\t\t<\/div> \n\t<\/div> <\/div><\/div><\/div><\/div><\/div><\/div><div      class=\"vc_row wpb_row section vc_row-fluid\" style=' text-align:left;'><div class=\"full_section_inner clearfix\"><div class=\"wpb_column vc_column_container vc_col-sm-12\"><div class=\"vc_column-inner\"><div class=\"wpb_wrapper\">\n\t<div class=\"wpb_single_image wpb_content_element vc_align_center\">\n\t\t<div class=\"wpb_wrapper\">\n\t\t\t\n\t\t\t<div class=\"vc_single_image-wrapper   vc_box_border_grey\"><img loading=\"lazy\" decoding=\"async\" class=\"vc_single_image-img\" src=\"https:\/\/sunshineloans.com\/wp-content\/uploads\/2023\/05\/pexels-maitree-rimthong-1602726-scaled-630x420.jpg\" width=\"630\" height=\"420\" alt=\"Photo by maitree rimthong: https:\/\/www.pexels.com\/photo\/person-putting-coin-in-a-piggy-bank-1602726\/\" title=\"pexels-maitree-rimthong-1602726\" \/><\/div>\n\t\t<\/div>\n\t<\/div>\n<\/div><\/div><\/div><\/div><\/div><div      class=\"vc_row wpb_row section vc_row-fluid  grid_section\" style=' text-align:left;'><div class=\"section_inner clearfix\"><div class='section_inner_margin clearfix'><div class=\"wpb_column vc_column_container vc_col-sm-12\"><div class=\"vc_column-inner\"><div class=\"wpb_wrapper\">\n\t<div class=\"wpb_text_column wpb_content_element  privacy-policy\">\n\t\t<div class=\"wpb_wrapper\">\n\t\t\t<p>&nbsp;<\/p>\n<h2>5. Build Savings<\/h2>\n<p>As you reduce your expenses and pay off your debt it is important to create a savings fund in case of emergency expenses. Whether you encounter unexpected medical expenses, a loss of a job or even unplanned car repairs, it&#8217;s important to have emergency funds that can help get you through and avoid taking on additional debt. When you create your budget, we recommend allocating a portion of your income to this savings account, this way it will be easier to grow your savings over time and avoid unnecessary spending.<\/p>\n<p>To determine how much savings you will need refer again to your budget, it&#8217;s good to have a savings account with enough money to cover your expenses for at least three to six months, giving you time to get back on track should anything ever happen.<\/p>\n<p>&nbsp;<\/p>\n<h2>6. Work Hard and Stay Motivated<\/h2>\n<p>Reducing debt and reaching your financial goals can be intimidating and won&#8217;t happen overnight so it\u2019s important to stay motivated, track your progress and give yourself credit in meeting milestones on your journey. By setting a budget and tracking your progress it will be easier to stay motivated as you achieve steps along the way. Remember, everyone&#8217;s financial journey is different so it may take longer than you expect but with realistic goals, hard work, and in some cases, professional help, you can achieve them.<\/p>\n\n\t\t<\/div> \n\t<\/div> <\/div><\/div><\/div><\/div><\/div><\/div><div      class=\"vc_row wpb_row section vc_row-fluid\" style=' text-align:left;'><div class=\"full_section_inner clearfix\"><div class=\"wpb_column vc_column_container vc_col-sm-12\"><div class=\"vc_column-inner\"><div class=\"wpb_wrapper\">\t<div class=\"vc_empty_space\"  style=\"height: 100px\" ><span\n\t\t\tclass=\"vc_empty_space_inner\">\n\t\t\t<span class=\"empty_space_image\"  ><\/span>\n\t\t<\/span><\/div>\n\n<\/div><\/div><\/div><\/div><\/div><div      class=\"vc_row wpb_row section vc_row-fluid\" style=' text-align:left;'><div class=\"full_section_inner clearfix\"><div class=\"wpb_column vc_column_container vc_col-sm-12\"><div class=\"vc_column-inner\"><div class=\"wpb_wrapper\">\n\t<div class=\"wpb_text_column wpb_content_element  vc_custom_1683326482331\">\n\t\t<div class=\"wpb_wrapper\">\n\t\t\t<h6 style=\"font-weight: 200; text-align: left;\"><sub>EL CONTENIDO COMPARTIDO EN NUESTRA GU\u00cdA DE RECURSOS EST\u00c1 DESTINADO \u00daNICAMENTE A FINES INFORMATIVOS GENERALES. SI BIEN NOS ESFORZAMOS POR PROPORCIONAR INFORMACI\u00d3N PRECISA Y CONFIABLE, NO HACEMOS NING\u00daN RECLAMO O PROMESA EXPRESA O IMPL\u00cdCITA SOBRE SU EFECTIVIDAD, IDONEIDAD O APLICABILIDAD A SUS CIRCUNSTANCIAS FINANCIERAS ESPEC\u00cdFICAS. ES IMPORTANTE EVALUAR CUIDADOSAMENTE SU PROPIA SITUACI\u00d3N PERSONAL Y FINANCIERA O BUSCAR EL CONSEJO DE UN PROFESIONAL FINANCIERO CALIFICADO ANTES DE TOMAR CUALQUIER DECISI\u00d3N FINANCIERA.<\/sub><\/h6>\n\n\t\t<\/div> \n\t<\/div> <\/div><\/div><\/div><\/div><\/div>","protected":false},"excerpt":{"rendered":"Become Debt-Free &nbsp; Managing money and reducing debt can be both difficult and a cause of stress and anxiety for many people. We've compiled a few steps that you can take to reduce your debt and meet your financial goals. &nbsp; &nbsp; 1. Create a...","protected":false},"author":2,"featured_media":0,"parent":0,"menu_order":0,"comment_status":"closed","ping_status":"closed","template":"","meta":{"footnotes":""},"class_list":["post-1664","page","type-page","status-publish","hentry"],"yoast_head":"<!-- This site is optimized with the Yoast SEO plugin v16.7 - https:\/\/yoast.com\/wordpress\/plugins\/seo\/ -->\n<meta name=\"robots\" content=\"index, follow, max-snippet:-1, max-image-preview:large, max-video-preview:-1\" \/>\n<link rel=\"canonical\" href=\"https:\/\/sunshineloans.com\/es\/resources-become-debt-free\/\" \/>\n<meta property=\"og:locale\" content=\"es_MX\" \/>\n<meta property=\"og:type\" content=\"article\" \/>\n<meta property=\"og:title\" content=\"Sunshine Loans - Resources - Become Debt-Free\" \/>\n<meta property=\"og:url\" content=\"https:\/\/sunshineloans.com\/es\/resources-become-debt-free\/\" \/>\n<meta property=\"og:site_name\" content=\"sunshine\" \/>\n<meta property=\"article:modified_time\" content=\"2023-05-05T22:41:36+00:00\" \/>\n<meta name=\"twitter:card\" content=\"summary_large_image\" \/>\n<meta name=\"twitter:label1\" content=\"Tiempo de lectura\" \/>\n\t<meta name=\"twitter:data1\" content=\"5 minutos\" \/>\n<script type=\"application\/ld+json\" class=\"yoast-schema-graph\">{\"@context\":\"https:\/\/schema.org\",\"@graph\":[{\"@type\":\"WebSite\",\"@id\":\"https:\/\/sunshineloans.com\/#website\",\"url\":\"https:\/\/sunshineloans.com\/\",\"name\":\"sunshine\",\"description\":\"sunshineloans\",\"potentialAction\":[{\"@type\":\"SearchAction\",\"target\":{\"@type\":\"EntryPoint\",\"urlTemplate\":\"https:\/\/sunshineloans.com\/?s={search_term_string}\"},\"query-input\":\"required name=search_term_string\"}],\"inLanguage\":\"es-MX\"},{\"@type\":\"WebPage\",\"@id\":\"https:\/\/sunshineloans.com\/resources-become-debt-free\/#webpage\",\"url\":\"https:\/\/sunshineloans.com\/resources-become-debt-free\/\",\"name\":\"Sunshine Loans - Resources - Become Debt-Free\",\"isPartOf\":{\"@id\":\"https:\/\/sunshineloans.com\/#website\"},\"datePublished\":\"2023-05-03T22:36:15+00:00\",\"dateModified\":\"2023-05-05T22:41:36+00:00\",\"breadcrumb\":{\"@id\":\"https:\/\/sunshineloans.com\/resources-become-debt-free\/#breadcrumb\"},\"inLanguage\":\"es-MX\",\"potentialAction\":[{\"@type\":\"ReadAction\",\"target\":[\"https:\/\/sunshineloans.com\/resources-become-debt-free\/\"]}]},{\"@type\":\"BreadcrumbList\",\"@id\":\"https:\/\/sunshineloans.com\/resources-become-debt-free\/#breadcrumb\",\"itemListElement\":[{\"@type\":\"ListItem\",\"position\":1,\"name\":\"Home\",\"item\":\"https:\/\/sunshineloans.com\/\"},{\"@type\":\"ListItem\",\"position\":2,\"name\":\"Resources &#8211; Become Debt-Free\"}]}]}<\/script>\n<!-- \/ Yoast SEO plugin. -->","yoast_head_json":{"robots":{"index":"index","follow":"follow","max-snippet":"max-snippet:-1","max-image-preview":"max-image-preview:large","max-video-preview":"max-video-preview:-1"},"canonical":"https:\/\/sunshineloans.com\/es\/resources-become-debt-free\/","og_locale":"es_MX","og_type":"article","og_title":"Sunshine Loans - Resources - Become Debt-Free","og_url":"https:\/\/sunshineloans.com\/es\/resources-become-debt-free\/","og_site_name":"sunshine","article_modified_time":"2023-05-05T22:41:36+00:00","twitter_card":"summary_large_image","twitter_misc":{"Tiempo de lectura":"5 minutos"},"schema":{"@context":"https:\/\/schema.org","@graph":[{"@type":"WebSite","@id":"https:\/\/sunshineloans.com\/#website","url":"https:\/\/sunshineloans.com\/","name":"sunshine","description":"sunshineloans","potentialAction":[{"@type":"SearchAction","target":{"@type":"EntryPoint","urlTemplate":"https:\/\/sunshineloans.com\/?s={search_term_string}"},"query-input":"required name=search_term_string"}],"inLanguage":"es-MX"},{"@type":"WebPage","@id":"https:\/\/sunshineloans.com\/resources-become-debt-free\/#webpage","url":"https:\/\/sunshineloans.com\/resources-become-debt-free\/","name":"Sunshine Loans - Resources - Become Debt-Free","isPartOf":{"@id":"https:\/\/sunshineloans.com\/#website"},"datePublished":"2023-05-03T22:36:15+00:00","dateModified":"2023-05-05T22:41:36+00:00","breadcrumb":{"@id":"https:\/\/sunshineloans.com\/resources-become-debt-free\/#breadcrumb"},"inLanguage":"es-MX","potentialAction":[{"@type":"ReadAction","target":["https:\/\/sunshineloans.com\/resources-become-debt-free\/"]}]},{"@type":"BreadcrumbList","@id":"https:\/\/sunshineloans.com\/resources-become-debt-free\/#breadcrumb","itemListElement":[{"@type":"ListItem","position":1,"name":"Home","item":"https:\/\/sunshineloans.com\/"},{"@type":"ListItem","position":2,"name":"Resources &#8211; Become Debt-Free"}]}]}},"_links":{"self":[{"href":"https:\/\/sunshineloans.com\/es\/wp-json\/wp\/v2\/pages\/1664","targetHints":{"allow":["GET"]}}],"collection":[{"href":"https:\/\/sunshineloans.com\/es\/wp-json\/wp\/v2\/pages"}],"about":[{"href":"https:\/\/sunshineloans.com\/es\/wp-json\/wp\/v2\/types\/page"}],"author":[{"embeddable":true,"href":"https:\/\/sunshineloans.com\/es\/wp-json\/wp\/v2\/users\/2"}],"replies":[{"embeddable":true,"href":"https:\/\/sunshineloans.com\/es\/wp-json\/wp\/v2\/comments?post=1664"}],"version-history":[{"count":0,"href":"https:\/\/sunshineloans.com\/es\/wp-json\/wp\/v2\/pages\/1664\/revisions"}],"wp:attachment":[{"href":"https:\/\/sunshineloans.com\/es\/wp-json\/wp\/v2\/media?parent=1664"}],"curies":[{"name":"wp","href":"https:\/\/api.w.org\/{rel}","templated":true}]}}