{"id":1560,"date":"2022-08-24T22:13:30","date_gmt":"2022-08-24T22:13:30","guid":{"rendered":"https:\/\/sunshineloans.com\/?page_id=1560"},"modified":"2023-07-10T15:44:49","modified_gmt":"2023-07-10T15:44:49","slug":"rates-terms-tx","status":"publish","type":"page","link":"https:\/\/sunshineloans.com\/es\/rates-terms-tx\/","title":{"rendered":"Rates &#038; Terms &#8211; TX OLD"},"content":{"rendered":"<div id=\"Inner-page-head\"     class=\"vc_row wpb_row section vc_row-fluid\" style=' text-align:left;'><div class=\"full_section_inner clearfix\"><div class=\"wpb_column vc_column_container vc_col-sm-12\"><div class=\"vc_column-inner\"><div class=\"wpb_wrapper\">\n\t<div class=\"wpb_text_column wpb_content_element\">\n\t\t<div class=\"wpb_wrapper\">\n\t\t\t<h2 style=\"text-align: center;\">Tarifas y t\u00e9rminos de Texas<\/h2>\n\n\t\t<\/div> \n\t<\/div> \n\t<div class=\"wpb_text_column wpb_content_element\">\n\t\t<div class=\"wpb_wrapper\">\n\t\t\t<h2 style=\"text-align: center;\">Online Installment Loans<\/h2>\n\n\t\t<\/div> \n\t<\/div> \t<div class=\"vc_empty_space\"  style=\"height: 50px\" ><span\n\t\t\tclass=\"vc_empty_space_inner\">\n\t\t\t<span class=\"empty_space_image\"  ><\/span>\n\t\t<\/span><\/div>\n\n<\/div><\/div><\/div><\/div><\/div><div      class=\"vc_row wpb_row section vc_row-fluid  grid_section\" style=' text-align:left;'><div class=\"section_inner clearfix\"><div class='section_inner_margin clearfix'><div class=\"wpb_column vc_column_container vc_col-sm-12\"><div class=\"vc_column-inner\"><div class=\"wpb_wrapper\">\n\t<div class=\"wpb_tabstabs_holder clearfix\" data-interval=\"0\">\n\t\t<div class=\"q_tabs horizontal center\">\n\t\t\t<ul class=\"tabs-nav\"><\/ul>\n<div class='tabs-container'>\n\t\t\t\n\t\t\t<div id=\"tab-2e2ea5ae-1409-4\" class=\"tab-content\">\n\t\t\t\t<div      class=\"vc_row wpb_row section vc_row-fluid vc_inner\" style=' text-align:left;'><div class=\"full_section_inner clearfix\"><div class=\"wpb_column vc_column_container vc_col-sm-8\"><div class=\"vc_column-inner\"><div class=\"wpb_wrapper\">\n\t<div class=\"wpb_text_column wpb_content_element  online-installment\">\n\t\t<div class=\"wpb_wrapper\">\n\t\t\t<h2>Consumer Disclosure<\/h2>\n<div class=\"mb-4\">\n<p class=\"h4 pt-3 mb-3\">Click the appropriate link below to view the Consumer Disclosures.<\/p>\n<p><a title=\"$300 Installment Loan - Monthly Consumer Disclosure\" href=\"\/contracts\/$300_Installment_Loan_\u2013_Monthly_Consumer_Disclosure.pdf\" target=\"_blank\" rel=\"noopener noreferrer nofollow\">$300 Installment Loan &#8211; Monthly Consumer Disclosure<\/a><\/p>\n<p><a title=\"$300 Installment Loan - Bi-Weekly Consumer Disclosure\" href=\"\/contracts\/$300_Installment_Loan_\u2013_Bi-Weekly_Consumer_Disclosure.pdf\" target=\"_blank\" rel=\"noopener noreferrer nofollow\">$300 Installment Loan &#8211; Bi-Weekly Consumer Disclosure<\/a><\/p>\n<p><a title=\"$500 Installment Loan - Monthly Consumer Disclosure\" href=\"https:\/\/sunshineloans.com\/wp-content\/uploads\/2022\/05\/500_Installment_Loan_\u2013_Monthly_Consumer_Disclosure.pdf\" target=\"_blank\" rel=\"noopener noreferrer nofollow\">$500 Installment Loan &#8211; Monthly Consumer Disclosure<\/a><\/p>\n<p><a title=\"$500 Installment Loan - Bi-Weekly Consumer Disclosure\" href=\"https:\/\/sunshineloans.com\/wp-content\/uploads\/2022\/05\/500_Installment_Loan_\u2013_Bi-Weekly_Consumer_Disclosure.pdf\" target=\"_blank\" rel=\"noopener noreferrer nofollow\">$500 Installment Loan &#8211; Bi-Weekly Consumer Disclosure<\/a><\/p>\n<p><a title=\"$750 Installment Loan - Monthly Consumer Disclosure\" href=\"https:\/\/sunshineloans.com\/wp-content\/uploads\/2022\/05\/750_Installment_Loan_\u2013_Monthly_Consumer_Disclosure.pdf\" target=\"_blank\" rel=\"noopener noreferrer nofollow\">$750 Installment Loan &#8211; Monthly Consumer Disclosure<\/a><\/p>\n<p><a title=\"$750 Installment Loan - Bi-Weekly Consumer Disclosure\" href=\"https:\/\/sunshineloans.com\/wp-content\/uploads\/2022\/05\/750_Installment_Loan_\u2013_Bi-Weekly_Consumer_Disclosure.pdf\" target=\"_blank\" rel=\"noopener noreferrer nofollow\">$750 Installment Loan &#8211; Bi-Weekly Consumer Disclosure<\/a><\/p>\n<\/div>\n\n\t\t<\/div> \n\t<\/div> \t<div class=\"vc_empty_space\"  style=\"height: 10px\" ><span\n\t\t\tclass=\"vc_empty_space_inner\">\n\t\t\t<span class=\"empty_space_image\"  ><\/span>\n\t\t<\/span><\/div>\n\n\n\t<div class=\"wpb_text_column wpb_content_element  online-installment\">\n\t\t<div class=\"wpb_wrapper\">\n\t\t\t<h2>Fee Schedules and OCCC Disclosure<\/h2>\n<div class=\"mb-4\">\n<p><a title=\"$300 Installment Loan - Monthly Consumer Disclosure\" href=\"https:\/\/sunshineloans.com\/wp-content\/uploads\/2022\/05\/Schedule-of-Fees-Monthly.pdf\" target=\"_blank\" rel=\"noopener noreferrer nofollow\">Installment Loan Monthly Fee Schedule<\/a><\/p>\n<p><a title=\"$300 Installment Loan - Bi-Weekly Consumer Disclosure\" href=\"https:\/\/sunshineloans.com\/wp-content\/uploads\/2022\/05\/Schedule-of-Fees-Bi-Weekly.pdf\" target=\"_blank\" rel=\"noopener noreferrer nofollow\">Installment Loan Bi-Weekly Fee Schedule<\/a><\/p>\n<p><a title=\"$750 Installment Loan - Monthly Consumer Disclosure\" href=\"https:\/\/sunshineloans.com\/wp-content\/uploads\/2020\/06\/OCCC-Notice.pdf\" target=\"_blank\" rel=\"noopener noreferrer nofollow\">OCCC Notice<\/a><\/p>\n<\/div>\n\n\t\t<\/div> \n\t<\/div> <\/div><\/div><\/div><div class=\"wpb_column vc_column_container vc_col-sm-4\"><div class=\"vc_column-inner\"><div class=\"wpb_wrapper\">\n\t<div class=\"wpb_single_image wpb_content_element vc_align_left   border\">\n\t\t<div class=\"wpb_wrapper\">\n\t\t\t\n\t\t\t<a href=\"https:\/\/sunshineloans.com\/wp-content\/uploads\/2023\/04\/2023-MoneySpot-USA-LLC-TX-CSO-Registration-pdf-791x1024.jpg\" target=\"_self\"><div class=\"vc_single_image-wrapper   vc_box_border_grey\"><img loading=\"lazy\" decoding=\"async\" width=\"1088\" height=\"1408\" src=\"https:\/\/sunshineloans.com\/wp-content\/uploads\/2023\/04\/2023-MoneySpot-USA-LLC-TX-CSO-Registration-pdf.jpg\" class=\"vc_single_image-img attachment-full\" alt=\"\" \/><\/div><\/a>\n\t\t<\/div>\n\t<\/div>\n\t<div class=\"vc_empty_space\"  style=\"height: 32px\" ><span\n\t\t\tclass=\"vc_empty_space_inner\">\n\t\t\t<span class=\"empty_space_image\"  ><\/span>\n\t\t<\/span><\/div>\n\n\n\t<div class=\"wpb_single_image wpb_content_element vc_align_left   border\">\n\t\t<div class=\"wpb_wrapper\">\n\t\t\t\n\t\t\t<a href=\"https:\/\/sunshineloans.com\/wp-content\/uploads\/2020\/08\/MoneySpotUSA-TXCAB-Updated_License31-pdf-1024x724.jpg\" target=\"_self\"><div class=\"vc_single_image-wrapper   vc_box_border_grey\"><img loading=\"lazy\" decoding=\"async\" width=\"1497\" height=\"1058\" src=\"https:\/\/sunshineloans.com\/wp-content\/uploads\/2020\/08\/MoneySpotUSA-TXCAB-Updated_License31-pdf.jpg\" class=\"vc_single_image-img attachment-full\" alt=\"\" \/><\/div><\/a>\n\t\t<\/div>\n\t<\/div>\n<\/div><\/div><\/div><\/div><\/div>\n\t\t\t<\/div> <\/div>\n\t\t<\/div> \n\t<\/div> \t<div class=\"vc_empty_space\"  style=\"height: 32px\" ><span\n\t\t\tclass=\"vc_empty_space_inner\">\n\t\t\t<span class=\"empty_space_image\"  ><\/span>\n\t\t<\/span><\/div>\n\n\n\t<div class=\"wpb_text_column wpb_content_element  online-installment\">\n\t\t<div class=\"wpb_wrapper\">\n\t\t\t<h2 class=\"mb-3\">Preguntas sobre pr\u00e9stamos a plazos en l\u00ednea<\/h2>\n<p>&nbsp;<\/p>\n<p class=\"h4 mb-1\"><strong>\u00bfCu\u00e1nto dinero puedo pedir prestado?<\/strong><\/p>\n<p>&nbsp;<\/p>\n<p class=\"mb-3\">Los residentes de Texas pueden ser elegibles para recibir hasta <strong>$2,000<\/strong> con un pr\u00e9stamo a plazos en l\u00ednea de Sunshine Loans. Si paga su pr\u00e9stamo a plazos antes o seg\u00fan lo programado, puede ser elegible para un monto de pr\u00e9stamo mayor la pr\u00f3xima vez que necesite un pr\u00e9stamo a plazos de Sunshine Loans.<\/p>\n<p>&nbsp;<\/p>\n<p><strong>\u00bfPuedo recibir fondos el mismo d\u00eda?<\/strong><\/p>\n<p><strong>\u00a0<\/strong><\/p>\n<p>Para pr\u00e9stamos financiados a trav\u00e9s de tarjeta de d\u00e9bito, los fondos se env\u00edan a la cuenta bancaria vinculada a su tarjeta de d\u00e9bito inmediatamente despu\u00e9s de que se aprueba su pr\u00e9stamo y acepta nuestra oferta. Pueden ocurrir retrasos debido a circunstancias fuera de nuestro control. Si no podemos validar su tarjeta, o si elige no optar por este servicio, los fondos se enviar\u00e1n a trav\u00e9s de un dep\u00f3sito ACH. Los pr\u00e9stamos aprobados antes de las 11:30 a. m. de un d\u00eda h\u00e1bil generalmente se financiar\u00e1n el mismo d\u00eda; de lo contrario, los fondos se depositar\u00e1n el siguiente d\u00eda h\u00e1bil. Todas las horas l\u00edmite de financiaci\u00f3n est\u00e1n sujetas a cambios. La fecha y la hora en que su banco pone los fondos a su disposici\u00f3n est\u00e1n sujetas a las pol\u00edticas de su banco.<\/p>\n<p>&nbsp;<\/p>\n<p><strong>\u00bfPuedo cancelar mi pr\u00e9stamo antes de tiempo?<\/strong><\/p>\n<p><strong>\u00a0<\/strong><\/p>\n<p>S\u00ed, puedes hacerlo. No hay cargos o penalidades por pagos anticipados, e incluso puedes ser elegible para un monto de pago anticipado con descuento.<\/p>\n<p>&nbsp;<\/p>\n<p><strong>No vivo en Texas; \u00bfTodav\u00eda puedo solicitar un pr\u00e9stamo a plazos?<\/strong><\/p>\n<p>&nbsp;<\/p>\n<p>Para ser elegible para un pr\u00e9stamo a plazos de Sunshine Loans en Texas, debe ser residente del estado y cumplir con los dem\u00e1s requisitos de elegibilidad. Si es residente de otro estado, puede solicitar cualquier producto de pr\u00e9stamo ofrecido en su estado de residencia.<\/p>\n<p>&nbsp;<\/p>\n<p><strong>\u00bfCon qui\u00e9n puedo hablar si tengo preguntas adicionales?<\/strong><\/p>\n<p>&nbsp;<\/p>\n<p>Si tiene preguntas adicionales, puede consultar nuestra p\u00e1gina de preguntas frecuentes, comunicarse con un miembro de nuestro equipo de servicio al cliente al (800) 504-9776 o enviarnos un correo electr\u00f3nico a info@sunshineloans.com<\/p>\n\n\t\t<\/div> \n\t<\/div> <\/div><\/div><\/div><\/div><\/div><\/div><div      class=\"vc_row wpb_row section vc_row-fluid  vc_custom_1666280922936\" style=' text-align:left;'><div class=\"full_section_inner clearfix\"><div class=\"wpb_column vc_column_container vc_col-sm-12\"><div class=\"vc_column-inner\"><div class=\"wpb_wrapper\">\t<div class=\"vc_empty_space\"  style=\"height: 70px\" ><span\n\t\t\tclass=\"vc_empty_space_inner\">\n\t\t\t<span class=\"empty_space_image\"  ><\/span>\n\t\t<\/span><\/div>\n\n<\/div><\/div><\/div><\/div><\/div>","protected":false},"excerpt":{"rendered":"Texas Rates &amp; Terms Online Installment Loans Consumer Disclosure Click the appropriate link below to view the Consumer Disclosures. $300 Installment Loan - Monthly Consumer Disclosure $300 Installment Loan - Bi-Weekly Consumer Disclosure $500 Installment Loan - Monthly Consumer Disclosure $500 Installment Loan - Bi-Weekly...","protected":false},"author":2,"featured_media":0,"parent":0,"menu_order":0,"comment_status":"closed","ping_status":"closed","template":"","meta":{"footnotes":""},"class_list":["post-1560","page","type-page","status-publish","hentry"],"yoast_head":"<!-- This site is optimized with the Yoast SEO plugin v16.7 - https:\/\/yoast.com\/wordpress\/plugins\/seo\/ -->\n<meta name=\"robots\" content=\"index, follow, max-snippet:-1, max-image-preview:large, max-video-preview:-1\" \/>\n<link rel=\"canonical\" href=\"https:\/\/sunshineloans.com\/es\/rates-terms-tx\/\" \/>\n<meta property=\"og:locale\" content=\"es_MX\" \/>\n<meta property=\"og:type\" content=\"article\" \/>\n<meta property=\"og:title\" content=\"Sunshine Loans - Rates &amp; Terms - TX OLD\" \/>\n<meta property=\"og:url\" content=\"https:\/\/sunshineloans.com\/es\/rates-terms-tx\/\" \/>\n<meta property=\"og:site_name\" content=\"sunshine\" \/>\n<meta property=\"article:modified_time\" content=\"2023-07-10T15:44:49+00:00\" \/>\n<meta name=\"twitter:card\" content=\"summary_large_image\" \/>\n<meta name=\"twitter:label1\" content=\"Tiempo de lectura\" \/>\n\t<meta name=\"twitter:data1\" content=\"2 minutos\" \/>\n<script type=\"application\/ld+json\" class=\"yoast-schema-graph\">{\"@context\":\"https:\/\/schema.org\",\"@graph\":[{\"@type\":\"WebSite\",\"@id\":\"https:\/\/sunshineloans.com\/#website\",\"url\":\"https:\/\/sunshineloans.com\/\",\"name\":\"sunshine\",\"description\":\"sunshineloans\",\"potentialAction\":[{\"@type\":\"SearchAction\",\"target\":{\"@type\":\"EntryPoint\",\"urlTemplate\":\"https:\/\/sunshineloans.com\/?s={search_term_string}\"},\"query-input\":\"required name=search_term_string\"}],\"inLanguage\":\"es-MX\"},{\"@type\":\"WebPage\",\"@id\":\"https:\/\/sunshineloans.com\/rates-terms-tx\/#webpage\",\"url\":\"https:\/\/sunshineloans.com\/rates-terms-tx\/\",\"name\":\"Sunshine Loans - Rates & Terms - TX OLD\",\"isPartOf\":{\"@id\":\"https:\/\/sunshineloans.com\/#website\"},\"datePublished\":\"2022-08-24T22:13:30+00:00\",\"dateModified\":\"2023-07-10T15:44:49+00:00\",\"breadcrumb\":{\"@id\":\"https:\/\/sunshineloans.com\/rates-terms-tx\/#breadcrumb\"},\"inLanguage\":\"es-MX\",\"potentialAction\":[{\"@type\":\"ReadAction\",\"target\":[\"https:\/\/sunshineloans.com\/rates-terms-tx\/\"]}]},{\"@type\":\"BreadcrumbList\",\"@id\":\"https:\/\/sunshineloans.com\/rates-terms-tx\/#breadcrumb\",\"itemListElement\":[{\"@type\":\"ListItem\",\"position\":1,\"name\":\"Home\",\"item\":\"https:\/\/sunshineloans.com\/\"},{\"@type\":\"ListItem\",\"position\":2,\"name\":\"Rates &#038; Terms &#8211; TX OLD\"}]}]}<\/script>\n<!-- \/ Yoast SEO plugin. -->","yoast_head_json":{"robots":{"index":"index","follow":"follow","max-snippet":"max-snippet:-1","max-image-preview":"max-image-preview:large","max-video-preview":"max-video-preview:-1"},"canonical":"https:\/\/sunshineloans.com\/es\/rates-terms-tx\/","og_locale":"es_MX","og_type":"article","og_title":"Sunshine Loans - Rates & Terms - TX OLD","og_url":"https:\/\/sunshineloans.com\/es\/rates-terms-tx\/","og_site_name":"sunshine","article_modified_time":"2023-07-10T15:44:49+00:00","twitter_card":"summary_large_image","twitter_misc":{"Tiempo de lectura":"2 minutos"},"schema":{"@context":"https:\/\/schema.org","@graph":[{"@type":"WebSite","@id":"https:\/\/sunshineloans.com\/#website","url":"https:\/\/sunshineloans.com\/","name":"sunshine","description":"sunshineloans","potentialAction":[{"@type":"SearchAction","target":{"@type":"EntryPoint","urlTemplate":"https:\/\/sunshineloans.com\/?s={search_term_string}"},"query-input":"required name=search_term_string"}],"inLanguage":"es-MX"},{"@type":"WebPage","@id":"https:\/\/sunshineloans.com\/rates-terms-tx\/#webpage","url":"https:\/\/sunshineloans.com\/rates-terms-tx\/","name":"Sunshine Loans - Rates & Terms - TX OLD","isPartOf":{"@id":"https:\/\/sunshineloans.com\/#website"},"datePublished":"2022-08-24T22:13:30+00:00","dateModified":"2023-07-10T15:44:49+00:00","breadcrumb":{"@id":"https:\/\/sunshineloans.com\/rates-terms-tx\/#breadcrumb"},"inLanguage":"es-MX","potentialAction":[{"@type":"ReadAction","target":["https:\/\/sunshineloans.com\/rates-terms-tx\/"]}]},{"@type":"BreadcrumbList","@id":"https:\/\/sunshineloans.com\/rates-terms-tx\/#breadcrumb","itemListElement":[{"@type":"ListItem","position":1,"name":"Home","item":"https:\/\/sunshineloans.com\/"},{"@type":"ListItem","position":2,"name":"Rates &#038; Terms &#8211; TX OLD"}]}]}},"_links":{"self":[{"href":"https:\/\/sunshineloans.com\/es\/wp-json\/wp\/v2\/pages\/1560","targetHints":{"allow":["GET"]}}],"collection":[{"href":"https:\/\/sunshineloans.com\/es\/wp-json\/wp\/v2\/pages"}],"about":[{"href":"https:\/\/sunshineloans.com\/es\/wp-json\/wp\/v2\/types\/page"}],"author":[{"embeddable":true,"href":"https:\/\/sunshineloans.com\/es\/wp-json\/wp\/v2\/users\/2"}],"replies":[{"embeddable":true,"href":"https:\/\/sunshineloans.com\/es\/wp-json\/wp\/v2\/comments?post=1560"}],"version-history":[{"count":0,"href":"https:\/\/sunshineloans.com\/es\/wp-json\/wp\/v2\/pages\/1560\/revisions"}],"wp:attachment":[{"href":"https:\/\/sunshineloans.com\/es\/wp-json\/wp\/v2\/media?parent=1560"}],"curies":[{"name":"wp","href":"https:\/\/api.w.org\/{rel}","templated":true}]}}